{"id":9,"date":"2018-04-17T13:03:34","date_gmt":"2018-04-17T11:03:34","guid":{"rendered":"http:\/\/praxisbs.ch\/bbwpcms\/angebote\/erwachsene\/"},"modified":"2018-10-26T18:13:13","modified_gmt":"2018-10-26T16:13:13","slug":"erwachsene","status":"publish","type":"page","link":"https:\/\/praxisbs.ch\/fr\/angebote\/erwachsene\/","title":{"rendered":"Adultes"},"content":{"rendered":"<p><\/p>\n<p>Les probl\u00e8mes psychiques sont tr\u00e8s fr\u00e9quents. Leurs origines peuvent \u00eatre vari\u00e9s. Ils se traduisent par des crises existentielles ou crises d\u2019identit\u00e9s, des maladies psychiques ou apr\u00e8s des exp\u00e9riences traumatiques.<\/p>\n<p>Une psychoth\u00e9rapie commence par une premi\u00e8re rencontre o\u00f9 nous discutons des conditions, de vos buts etc. Apr\u00e8s nous faisons un diagnostic. Selon les r\u00e9sultats, nous d\u00e9finitions ensemble les prochaines \u00e9tapes et la fr\u00e9quence des s\u00e9ances.<\/p>\n<p>Vous apprenez dans la psychoth\u00e9rapie \u00e0 mieux vous comprendre. Vous apprenez \u00e0 d\u00e9couvrir les sch\u00e9mas de pens\u00e9es et de comportements et comment les changer. Nous vous soutenons pour surmonter des crises \u00e9motionnelles et les situations stressantes. Une psychoth\u00e9rapie aide \u00e0 d\u00e9velopper une meilleure confiance en soi.<\/p>\n<p>L&#8217;\u00e9l\u00e9ment central est la relation th\u00e9rapeutique de confiance confidentielle. Elle facilite la confrontation avec des exp\u00e9riences douloureuses et blessantes. Une relation th\u00e9rapeutique encourage le d\u00e9veloppement des qualit\u00e9s et ressources. Une bonne relation th\u00e9rapeutique vous donne le courage de d\u00e9velopper vos propres comp\u00e9tences et ressources.<\/p>\n<p><\/p>","protected":false},"excerpt":{"rendered":"<p>Les probl\u00e8mes psychiques sont tr\u00e8s fr\u00e9quents. Leurs origines peuvent \u00eatre vari\u00e9s. Ils se traduisent par des crises existentielles ou crises d\u2019identit\u00e9s, des maladies psychiques ou apr\u00e8s des exp\u00e9riences traumatiques. Une psychoth\u00e9rapie commence par une premi\u00e8re rencontre o\u00f9 nous discutons des conditions, de vos buts etc. Apr\u00e8s nous faisons un diagnostic. Selon les r\u00e9sultats, nous d\u00e9finitions [&hellip;]<\/p>\n","protected":false},"author":5,"featured_media":0,"parent":8,"menu_order":4,"comment_status":"closed","ping_status":"closed","template":"","meta":{"_acf_changed":false,"footnotes":""},"acf":[],"_links":{"self":[{"href":"https:\/\/praxisbs.ch\/fr\/wp-json\/wp\/v2\/pages\/9"}],"collection":[{"href":"https:\/\/praxisbs.ch\/fr\/wp-json\/wp\/v2\/pages"}],"about":[{"href":"https:\/\/praxisbs.ch\/fr\/wp-json\/wp\/v2\/types\/page"}],"author":[{"embeddable":true,"href":"https:\/\/praxisbs.ch\/fr\/wp-json\/wp\/v2\/users\/5"}],"replies":[{"embeddable":true,"href":"https:\/\/praxisbs.ch\/fr\/wp-json\/wp\/v2\/comments?post=9"}],"version-history":[{"count":11,"href":"https:\/\/praxisbs.ch\/fr\/wp-json\/wp\/v2\/pages\/9\/revisions"}],"predecessor-version":[{"id":446,"href":"https:\/\/praxisbs.ch\/fr\/wp-json\/wp\/v2\/pages\/9\/revisions\/446"}],"up":[{"embeddable":true,"href":"https:\/\/praxisbs.ch\/fr\/wp-json\/wp\/v2\/pages\/8"}],"wp:attachment":[{"href":"https:\/\/praxisbs.ch\/fr\/wp-json\/wp\/v2\/media?parent=9"}],"curies":[{"name":"wp","href":"https:\/\/api.w.org\/{rel}","templated":true}]}}