{"id":7,"date":"2018-04-17T13:03:34","date_gmt":"2018-04-17T11:03:34","guid":{"rendered":"http:\/\/praxisbs.ch\/bbwpcms\/home\/"},"modified":"2026-04-30T17:07:56","modified_gmt":"2026-04-30T15:07:56","slug":"home","status":"publish","type":"page","link":"https:\/\/praxisbs.ch\/fr\/","title":{"rendered":"Home"},"content":{"rendered":"<p><\/p>\n<p>Bienvenue!<\/p>\n<p>Notre cabinet psychologique se trouve au coeur de B\u00e2le. Nous sommes huit psychologues et psychoth\u00e9rapeutes reconnus par la conf\u00e9d\u00e9ration suisse (<a href=\"https:\/\/www.psychologie.ch\/\" target=\"_blank\" rel=\"noopener noreferrer\">FSP<\/a>) et nous offrons des psychoth\u00e9rapies scientifiquement prouv\u00e9es.<\/p>\n<p>Pour toutes questions, n&#8217;h\u00e9sitez pas \u00e0 nous contacter.<\/p>\n<p><\/p>","protected":false},"excerpt":{"rendered":"<p>Bienvenue! Notre cabinet psychologique se trouve au coeur de B\u00e2le. Nous sommes huit psychologues et psychoth\u00e9rapeutes reconnus par la conf\u00e9d\u00e9ration suisse (FSP) et nous offrons des psychoth\u00e9rapies scientifiquement prouv\u00e9es. Pour toutes questions, n&#8217;h\u00e9sitez pas \u00e0 nous contacter.<\/p>\n","protected":false},"author":2,"featured_media":0,"parent":0,"menu_order":1,"comment_status":"closed","ping_status":"closed","template":"","meta":{"_acf_changed":false,"footnotes":""},"acf":[],"_links":{"self":[{"href":"https:\/\/praxisbs.ch\/fr\/wp-json\/wp\/v2\/pages\/7"}],"collection":[{"href":"https:\/\/praxisbs.ch\/fr\/wp-json\/wp\/v2\/pages"}],"about":[{"href":"https:\/\/praxisbs.ch\/fr\/wp-json\/wp\/v2\/types\/page"}],"author":[{"embeddable":true,"href":"https:\/\/praxisbs.ch\/fr\/wp-json\/wp\/v2\/users\/2"}],"replies":[{"embeddable":true,"href":"https:\/\/praxisbs.ch\/fr\/wp-json\/wp\/v2\/comments?post=7"}],"version-history":[{"count":161,"href":"https:\/\/praxisbs.ch\/fr\/wp-json\/wp\/v2\/pages\/7\/revisions"}],"predecessor-version":[{"id":1233,"href":"https:\/\/praxisbs.ch\/fr\/wp-json\/wp\/v2\/pages\/7\/revisions\/1233"}],"wp:attachment":[{"href":"https:\/\/praxisbs.ch\/fr\/wp-json\/wp\/v2\/media?parent=7"}],"curies":[{"name":"wp","href":"https:\/\/api.w.org\/{rel}","templated":true}]}}