{"id":28,"date":"2018-04-17T13:03:34","date_gmt":"2018-04-17T11:03:34","guid":{"rendered":"http:\/\/praxisbs.ch\/bbwpcms\/kontakt\/"},"modified":"2025-12-05T15:14:52","modified_gmt":"2025-12-05T14:14:52","slug":"kontakt","status":"publish","type":"page","link":"https:\/\/praxisbs.ch\/fr\/kontakt\/","title":{"rendered":"Contact"},"content":{"rendered":"<p><\/p>\n<p>Vous pouvez nous contacter par e-mail ou t\u00e9l\u00e9phone:<\/p>\n<p>Dipl.-Psych. Ariane Kroll<br \/>\n<a class=\"mobile-only\" href=\"tel:+41763611247\">079 831 18 00<\/a><span class=\"desktop-only\">079 831 18 00<\/span><br \/>\n<a href=\"javascript:DeCryptX('2c2t2k2c3q3h312m2t3r2n2n2B2r1t0y3f1i1p0l0o3j2k1f0.3f2j')\">ariane.kroll(a)psychologie.ch<\/a><\/p>\n<p>lic. phil. Selina Schubiger<br \/>\n<a class=\"mobile-only\" href=\"tel:+41795703777\">079 570 37 77<\/a><span class=\"desktop-only\">079 570 37 77<\/span><br \/>\n<a href=\"javascript:DeCryptX('3v0e0l1j0n0a0.0s1d2j3x0b0i1h1f0r0@0p0s3|2e0h2q1m3r2i2k3h1\/3f2j')\">selina.schubiger(a)psychologie.ch<\/a><\/p>\n\n<h3>Comment nous trouver?<\/h3>\n<div class=\"googleMapWrapper\"><div id=\"googleMap\"><iframe src=\"https:\/\/www.google.com\/maps\/embed?pb=!1m18!1m12!1m3!1d6687.631957794176!2d7.588818262286684!3d47.556275771626!2m3!1f0!2f0!3f0!3m2!1i1024!2i768!4f13.1!3m3!1m2!1s0x4791b9b3986352fb%3A0xa32c52a7242179a!2sSt.%20Alban-Vorstadt%207%2C%204052%20Basel!5e0!3m2!1sde!2sch!4v1716381272859!5m2!1sde!2sch\" width=\"600\" height=\"450\" style=\"border:0;\" allowfullscreen=\"\" loading=\"lazy\" referrerpolicy=\"no-referrer-when-downgrade\"><\/iframe><\/div><\/div>\n<h3>Informations sur la prot\u00e9ction des donn\u00e9es<\/h3>\n<p>Informations sur la protection des donn\u00e9es<br \/>\n1. donn\u00e9es personnelles<\/p>\n<p>Ce site web ne collecte aucune donn\u00e9e personnelle.<\/p>\n<p>2. cookies et services de suivi<\/p>\n<p>Ce site web n&#8217;utilise pas de cookies. Il n&#8217;utilise pas non plus Google Analytics. En revanche, comme pour toute connexion \u00e0 un serveur web, le serveur de notre fournisseur d&#8217;h\u00e9bergement Webland AG \u00e0 M\u00fcnchenstein, Suisse, enregistre et stocke certaines donn\u00e9es techniques. Parmi ces donn\u00e9es figurent l&#8217;adresse IP et le syst\u00e8me d&#8217;exploitation de votre appareil, l&#8217;heure d&#8217;acc\u00e8s, le type de navigateur ainsi que la demande du navigateur, y compris l&#8217;origine de la demande (referrer). Ceci est n\u00e9cessaire pour des raisons techniques afin de mettre notre site web \u00e0 votre disposition. Le fournisseur d&#8217;h\u00e9bergement web prot\u00e8ge ces donn\u00e9es contre les acc\u00e8s non autoris\u00e9s gr\u00e2ce \u00e0 des mesures techniques et organisationnelles et ne les transmet pas \u00e0 des tiers. Aucune donn\u00e9e personnalis\u00e9e n&#8217;est collect\u00e9e et les adresses IP sont rendues illisibles avant d&#8217;\u00eatre enregistr\u00e9es.<\/p>\n<p>3. m\u00e9dias sociaux<\/p>\n<p>Ce site web n&#8217;utilise pas de scripts de fournisseurs de m\u00e9dias sociaux tels que Facebook ou Twitter.<\/p>\n<p>4. contenu int\u00e9gr\u00e9 d&#8217;autres sites web<\/p>\n<p>Une carte de Google Maps est int\u00e9gr\u00e9e sur ce site web. Les contenus int\u00e9gr\u00e9s d&#8217;autres sites web se comportent exactement comme si le visiteur avait visit\u00e9 l&#8217;autre site web. Ces sites peuvent collecter des donn\u00e9es vous concernant, utiliser des cookies, int\u00e9grer des services de suivi suppl\u00e9mentaires de tiers et enregistrer votre interaction avec ce contenu int\u00e9gr\u00e9, y compris votre interaction avec le contenu int\u00e9gr\u00e9.<\/p>\n<p>5. courrier \u00e9lectronique<\/p>\n<p>Nous enregistrons les donn\u00e9es que vous nous transmettez par e-mail uniquement dans le but de traiter votre demande ou de vous aider en cas de questions compl\u00e9mentaires. Nous ne transmettons pas vos donn\u00e9es \u00e0 des tiers. Si vous ne souhaitez pas que nous enregistrions les donn\u00e9es que vous nous avez transmises, veuillez nous le faire savoir. Pour une suppression des donn\u00e9es, il suffit d&#8217;envoyer un message informel par e-mail. La l\u00e9galit\u00e9 des op\u00e9rations de traitement des donn\u00e9es effectu\u00e9es jusqu&#8217;\u00e0 la r\u00e9vocation n&#8217;est pas affect\u00e9e par cette derni\u00e8re. Les dispositions l\u00e9gales contraignantes &#8211; en particulier les d\u00e9lais de conservation &#8211; ne sont pas concern\u00e9es par la r\u00e9vocation. Veuillez noter qu&#8217;il n&#8217;est pas possible de garantir que vos e-mails soient transmis sous forme crypt\u00e9e. C&#8217;est pourquoi il ne faut pas envoyer de donn\u00e9es confidentielles (demandes m\u00e9dicales, etc.) lors de ce type de prise de contact.<\/p>\n<p>6) Responsable au sens de la l\u00e9gislation sur la protection des donn\u00e9es<\/p>\n<p>Praxis Haus zum Sausewind<br \/>\nSt. Alban-Vorstadt 7<br \/>\n4052 Basel<\/p>\n<p><\/p>","protected":false},"excerpt":{"rendered":"<p>Vous pouvez nous contacter par e-mail ou t\u00e9l\u00e9phone: Dipl.-Psych. Ariane Kroll 079 831 18 00079 831 18 00 ariane.kroll(a)psychologie.ch lic. phil. Selina Schubiger 079 570 37 77079 570 37 77 selina.schubiger(a)psychologie.ch Comment nous trouver? Informations sur la prot\u00e9ction des donn\u00e9es Informations sur la protection des donn\u00e9es 1. donn\u00e9es personnelles Ce site web ne collecte aucune [&hellip;]<\/p>\n","protected":false},"author":4,"featured_media":0,"parent":0,"menu_order":27,"comment_status":"closed","ping_status":"closed","template":"","meta":{"_acf_changed":false,"footnotes":""},"acf":[],"_links":{"self":[{"href":"https:\/\/praxisbs.ch\/fr\/wp-json\/wp\/v2\/pages\/28"}],"collection":[{"href":"https:\/\/praxisbs.ch\/fr\/wp-json\/wp\/v2\/pages"}],"about":[{"href":"https:\/\/praxisbs.ch\/fr\/wp-json\/wp\/v2\/types\/page"}],"author":[{"embeddable":true,"href":"https:\/\/praxisbs.ch\/fr\/wp-json\/wp\/v2\/users\/4"}],"replies":[{"embeddable":true,"href":"https:\/\/praxisbs.ch\/fr\/wp-json\/wp\/v2\/comments?post=28"}],"version-history":[{"count":84,"href":"https:\/\/praxisbs.ch\/fr\/wp-json\/wp\/v2\/pages\/28\/revisions"}],"predecessor-version":[{"id":1207,"href":"https:\/\/praxisbs.ch\/fr\/wp-json\/wp\/v2\/pages\/28\/revisions\/1207"}],"wp:attachment":[{"href":"https:\/\/praxisbs.ch\/fr\/wp-json\/wp\/v2\/media?parent=28"}],"curies":[{"name":"wp","href":"https:\/\/api.w.org\/{rel}","templated":true}]}}