{"id":17,"date":"2018-04-17T13:03:34","date_gmt":"2018-04-17T11:03:34","guid":{"rendered":"http:\/\/praxisbs.ch\/bbwpcms\/fort-und-weiterbildung\/therapierichtungen\/"},"modified":"2018-10-21T14:16:58","modified_gmt":"2018-10-21T12:16:58","slug":"therapierichtungen","status":"publish","type":"page","link":"https:\/\/praxisbs.ch\/fr\/angebote\/therapierichtungen\/","title":{"rendered":"Techniques de th\u00e9rapie"},"content":{"rendered":"<p><\/p>\n<h2>Th\u00e9rapie comportementale et cognitives (TCC)<\/h2>\n<p>La th\u00e9rapie comportementale et cognitives (TCC) est une technique de psychoth\u00e9rapie scientifique pour le traitement d&#8217;une grande vari\u00e9t\u00e9 de troubles mentaux tels que la d\u00e9pression, l&#8217;anxi\u00e9t\u00e9 ou les troubles obsessionnels compulsifs.<\/p>\n<p>Nous supposons que nos pens\u00e9es, \u00e9valuations, attentes et croyances ont une influence significative sur notre fa\u00e7on de nous sentir, de nous comporter et de r\u00e9agir physiquement. La TCC aide \u00e0 identifier, r\u00e9viser et remplacer les pens\u00e9es n\u00e9gatives et non utiles par des pens\u00e9es et des strat\u00e9gies plus utiles. L&#8217;objectif est d\u2019aider les clients \u00e0 s\u2019aider eux-m\u00eames.<\/p>\n<h3>Th\u00e9rapie syst\u00e9mique<\/h3>\n<p>La th\u00e9rapie syst\u00e9mique est une technique psychoth\u00e9rapeutique scientifiquement reconnue qui se concentre non seulement sur les probl\u00e8mes, mais aussi sur leur contexte. Les difficult\u00e9s ne sont pas per\u00e7ues comme des caract\u00e9ristiques d\u2019un individu, mais plut\u00f4t comme l&#8217;expression des relations actuelles dans un syst\u00e8me\/groupe.<\/p>\n<p>Dans la th\u00e9rapie syst\u00e9mique, notre objectif est de remettre en question les sch\u00e9mas et hypoth\u00e8ses ant\u00e9rieurs et de stimuler d&#8217;autres id\u00e9es afin d&#8217;indiquer de nouvelles perspectives et possibilit\u00e9s d&#8217;action. Nous ne nous consid\u00e9rons pas comme les experts qui font le diagnostic et fournissent la solution. Nous voulons plut\u00f4t entrer dans un dialogue curieux et respectueux avec nos clients (individus, couples, familles) afin de les soutenir, d\u2019enlever des blocages, de trouver de nouvelles perspectives pour une vie plus satisfaisante.<\/p>\n<p><\/p>","protected":false},"excerpt":{"rendered":"<p>Th\u00e9rapie comportementale et cognitives (TCC) La th\u00e9rapie comportementale et cognitives (TCC) est une technique de psychoth\u00e9rapie scientifique pour le traitement d&#8217;une grande vari\u00e9t\u00e9 de troubles mentaux tels que la d\u00e9pression, l&#8217;anxi\u00e9t\u00e9 ou les troubles obsessionnels compulsifs. Nous supposons que nos pens\u00e9es, \u00e9valuations, attentes et croyances ont une influence significative sur notre fa\u00e7on de nous sentir, [&hellip;]<\/p>\n","protected":false},"author":4,"featured_media":0,"parent":8,"menu_order":12,"comment_status":"closed","ping_status":"closed","template":"","meta":{"_acf_changed":false,"footnotes":""},"acf":[],"_links":{"self":[{"href":"https:\/\/praxisbs.ch\/fr\/wp-json\/wp\/v2\/pages\/17"}],"collection":[{"href":"https:\/\/praxisbs.ch\/fr\/wp-json\/wp\/v2\/pages"}],"about":[{"href":"https:\/\/praxisbs.ch\/fr\/wp-json\/wp\/v2\/types\/page"}],"author":[{"embeddable":true,"href":"https:\/\/praxisbs.ch\/fr\/wp-json\/wp\/v2\/users\/4"}],"replies":[{"embeddable":true,"href":"https:\/\/praxisbs.ch\/fr\/wp-json\/wp\/v2\/comments?post=17"}],"version-history":[{"count":28,"href":"https:\/\/praxisbs.ch\/fr\/wp-json\/wp\/v2\/pages\/17\/revisions"}],"predecessor-version":[{"id":297,"href":"https:\/\/praxisbs.ch\/fr\/wp-json\/wp\/v2\/pages\/17\/revisions\/297"}],"up":[{"embeddable":true,"href":"https:\/\/praxisbs.ch\/fr\/wp-json\/wp\/v2\/pages\/8"}],"wp:attachment":[{"href":"https:\/\/praxisbs.ch\/fr\/wp-json\/wp\/v2\/media?parent=17"}],"curies":[{"name":"wp","href":"https:\/\/api.w.org\/{rel}","templated":true}]}}