{"id":15,"date":"2018-04-17T13:03:34","date_gmt":"2018-04-17T11:03:34","guid":{"rendered":"http:\/\/praxisbs.ch\/bbwpcms\/fort-und-weiterbildung\/"},"modified":"2018-10-21T14:16:35","modified_gmt":"2018-10-21T12:16:35","slug":"fort-und-weiterbildung","status":"publish","type":"page","link":"https:\/\/praxisbs.ch\/fr\/angebote\/fort-und-weiterbildung\/","title":{"rendered":"Formation postgrade"},"content":{"rendered":"<p><\/p>\n<h2>Supervision<\/h2>\n<p>La supervision \u2013 individuellement ou en groupe \u2013 offre aux personnes des professions psychosociales et m\u00e9dicales ainsi qu&#8217;aux futurs psychoth\u00e9rapeutes l&#8217;occasion de discuter de questions concr\u00e8tes issues du travail quotidien ou de r\u00e9fl\u00e9chir de mani\u00e8re critique sur leur propre situation professionnelle avec un sp\u00e9cialiste externe.<\/p>\n<p>Les contenus de la supervision sont la r\u00e9flexion sur les comp\u00e9tences m\u00e9thodologiques, sur les relations dans le contexte professionnel et la maitrise des exigences professionnelles. Les objectifs de la supervision sont le d\u00e9veloppement de ses propres capacit\u00e9s et ressources et la clarification des r\u00f4les professionnels. La supervision est un \u00e9l\u00e9ment important pour la qualit\u00e9 du travail et pr\u00e9vient \u00e9galement les probl\u00e8mes li\u00e9s au stress au travail.\u00a0<\/p>\n<p>Plusieurs membres du cabinet offrent aux futures psychoth\u00e9rapeutes de divers instituts de formation postgrade en psychoth\u00e9rapie, l\u2019exp\u00e9rience pratique personnelle et la supervision.<\/p>\n<p>Nous offrons une supervision individuelle et de groupe sur les sujets suivants :<\/p>\n<ul>\n<li>pour cliniques, centres de consultation, personnel enseignant, etc.)<\/li>\n<li>la supervision d&#8217;\u00e9quipe psychosociales<\/li>\n<li>pour les candidats \u00e0 la formation postgrade en psychoth\u00e9rapie.<\/li>\n<\/ul>\n<h3>Exp\u00e9rience th\u00e9rapeutique personnelle<\/h3>\n<p>L\u2019exp\u00e9rience th\u00e9rapeutique personnelle offre la possibilit\u00e9 de d\u00e9couvrir la m\u00e9thode de psychoth\u00e9rapie dans le r\u00f4le du client. Les futurs psychoth\u00e9rapeutes d\u00e9veloppent leur propre perception d\u2019eux m\u00eame et des autres et acqui\u00e8rent des connaissances concr\u00e8tes bas\u00e9es sur l&#8217;exp\u00e9rience compl\u00e9mentaire \u00e0 th\u00e9orie. Ils apprennent aussi \u00e0 mieux comprendre leur propre syst\u00e8me de valeurs et son influence sur l&#8217;action th\u00e9rapeutique. Le d\u00e9roulement d\u2019une exp\u00e9rience th\u00e9rapeutique personnelle est similaire \u00e0 une psychoth\u00e9rapie. Nous offrons ces exp\u00e9riences sous forme individuelles et de groupe ou sur un th\u00e8me sp\u00e9cifique.<\/p>\n<p><\/p>","protected":false},"excerpt":{"rendered":"<p>Supervision La supervision \u2013 individuellement ou en groupe \u2013 offre aux personnes des professions psychosociales et m\u00e9dicales ainsi qu&#8217;aux futurs psychoth\u00e9rapeutes l&#8217;occasion de discuter de questions concr\u00e8tes issues du travail quotidien ou de r\u00e9fl\u00e9chir de mani\u00e8re critique sur leur propre situation professionnelle avec un sp\u00e9cialiste externe. Les contenus de la supervision sont la r\u00e9flexion sur [&hellip;]<\/p>\n","protected":false},"author":5,"featured_media":0,"parent":8,"menu_order":10,"comment_status":"closed","ping_status":"closed","template":"","meta":{"_acf_changed":false,"footnotes":""},"acf":[],"_links":{"self":[{"href":"https:\/\/praxisbs.ch\/fr\/wp-json\/wp\/v2\/pages\/15"}],"collection":[{"href":"https:\/\/praxisbs.ch\/fr\/wp-json\/wp\/v2\/pages"}],"about":[{"href":"https:\/\/praxisbs.ch\/fr\/wp-json\/wp\/v2\/types\/page"}],"author":[{"embeddable":true,"href":"https:\/\/praxisbs.ch\/fr\/wp-json\/wp\/v2\/users\/5"}],"replies":[{"embeddable":true,"href":"https:\/\/praxisbs.ch\/fr\/wp-json\/wp\/v2\/comments?post=15"}],"version-history":[{"count":18,"href":"https:\/\/praxisbs.ch\/fr\/wp-json\/wp\/v2\/pages\/15\/revisions"}],"predecessor-version":[{"id":283,"href":"https:\/\/praxisbs.ch\/fr\/wp-json\/wp\/v2\/pages\/15\/revisions\/283"}],"up":[{"embeddable":true,"href":"https:\/\/praxisbs.ch\/fr\/wp-json\/wp\/v2\/pages\/8"}],"wp:attachment":[{"href":"https:\/\/praxisbs.ch\/fr\/wp-json\/wp\/v2\/media?parent=15"}],"curies":[{"name":"wp","href":"https:\/\/api.w.org\/{rel}","templated":true}]}}