{"id":13,"date":"2018-04-17T13:03:34","date_gmt":"2018-04-17T11:03:34","guid":{"rendered":"http:\/\/praxisbs.ch\/bbwpcms\/angebote\/expats\/"},"modified":"2018-11-15T09:35:18","modified_gmt":"2018-11-15T08:35:18","slug":"expats","status":"publish","type":"page","link":"https:\/\/praxisbs.ch\/fr\/angebote\/expats\/","title":{"rendered":"Expatri\u00e9s"},"content":{"rendered":"<p><\/p>\n<p>Habiter dans un pays \u00e9tranger est excitant parce qu\u2019on d\u00e9couvre des nouveaux endroits, de nouvelles coutumes et langues. On rencontre des hommes et des femmes de diff\u00e9rentes cultures. Mais la vie loin de son pays peut aussi \u00eatre exigeante. On peut se sentir seul, isol\u00e9, frustr\u00e9 parce que la communication dans une autre langue peut \u00eatre un d\u00e9fi ou parce que les habitudes culturelles sont tr\u00e8s diff\u00e9rentes.<\/p>\n<p>Nous offrons des services psychologiques, des psychoth\u00e9rapies et du Coaching en Fran\u00e7ais, Anglais et Allemand pour enfants, adolescents, parents, couples, familles et \u00e9quipes, qui souffrent d\u2019angoisses, de l\u2019isolement, d\u2019une d\u00e9pression ou d\u2019autre chose li\u00e9s \u00e0 la vie \u00e0 l\u2019\u00e9tranger.<\/p>\n<p><\/p>","protected":false},"excerpt":{"rendered":"<p>Habiter dans un pays \u00e9tranger est excitant parce qu\u2019on d\u00e9couvre des nouveaux endroits, de nouvelles coutumes et langues. On rencontre des hommes et des femmes de diff\u00e9rentes cultures. Mais la vie loin de son pays peut aussi \u00eatre exigeante. On peut se sentir seul, isol\u00e9, frustr\u00e9 parce que la communication dans une autre langue peut [&hellip;]<\/p>\n","protected":false},"author":2,"featured_media":0,"parent":8,"menu_order":8,"comment_status":"closed","ping_status":"closed","template":"","meta":{"_acf_changed":false,"footnotes":""},"acf":[],"_links":{"self":[{"href":"https:\/\/praxisbs.ch\/fr\/wp-json\/wp\/v2\/pages\/13"}],"collection":[{"href":"https:\/\/praxisbs.ch\/fr\/wp-json\/wp\/v2\/pages"}],"about":[{"href":"https:\/\/praxisbs.ch\/fr\/wp-json\/wp\/v2\/types\/page"}],"author":[{"embeddable":true,"href":"https:\/\/praxisbs.ch\/fr\/wp-json\/wp\/v2\/users\/2"}],"replies":[{"embeddable":true,"href":"https:\/\/praxisbs.ch\/fr\/wp-json\/wp\/v2\/comments?post=13"}],"version-history":[{"count":11,"href":"https:\/\/praxisbs.ch\/fr\/wp-json\/wp\/v2\/pages\/13\/revisions"}],"predecessor-version":[{"id":498,"href":"https:\/\/praxisbs.ch\/fr\/wp-json\/wp\/v2\/pages\/13\/revisions\/498"}],"up":[{"embeddable":true,"href":"https:\/\/praxisbs.ch\/fr\/wp-json\/wp\/v2\/pages\/8"}],"wp:attachment":[{"href":"https:\/\/praxisbs.ch\/fr\/wp-json\/wp\/v2\/media?parent=13"}],"curies":[{"name":"wp","href":"https:\/\/api.w.org\/{rel}","templated":true}]}}