{"id":10,"date":"2018-04-17T13:03:34","date_gmt":"2018-04-17T11:03:34","guid":{"rendered":"http:\/\/praxisbs.ch\/bbwpcms\/angebote\/kinder-und-jugendliche\/"},"modified":"2018-11-15T09:34:55","modified_gmt":"2018-11-15T08:34:55","slug":"kinder-und-jugendliche","status":"publish","type":"page","link":"https:\/\/praxisbs.ch\/fr\/angebote\/kinder-und-jugendliche\/","title":{"rendered":"Enfants et adolescents"},"content":{"rendered":"<p><\/p>\n<p>Grandir implique beaucoup de changement. Des \u00e9v\u00e9nements importants comme la rentr\u00e9e \u00e0 l\u2019\u00e9cole, une grande peur ou une immense tristesse peuvent perturber et d\u00e9s\u00e9quilibrer les enfants ou les adolescents.<\/p>\n<p>De nombreuses situations difficiles peuvent \u00eatre ma\u00eetris\u00e9es par les enfants et les adolescents avec le soutien de leur famille. Cependant, si les difficult\u00e9s persistent pendant une longue p\u00e9riode, elles nuisent au d\u00e9veloppement sain de l\u2019enfant, elles peuvent causer de grandes souffrances ou se transformer en une maladie. Il est favorable de demander l&#8217;aide d&#8217;un professionnel.<\/p>\n<p>Dans la psychoth\u00e9rapie, nous aidons votre enfant o\u00f9 adolescent \u00e0 percevoir les sympt\u00f4mes, les r\u00e9duire et surmonter la maladie.<\/p>\n<p>Au d\u00e9but nous commen\u00e7ons par un diagnostic. Sur la base d\u2019une relation th\u00e9rapeutique, nous soutenons ensuite l\u2019enfant, l\u2019adolescent et toute la famille dans le processus de changement.<\/p>\n<p><\/p>","protected":false},"excerpt":{"rendered":"<p>Grandir implique beaucoup de changement. Des \u00e9v\u00e9nements importants comme la rentr\u00e9e \u00e0 l\u2019\u00e9cole, une grande peur ou une immense tristesse peuvent perturber et d\u00e9s\u00e9quilibrer les enfants ou les adolescents. De nombreuses situations difficiles peuvent \u00eatre ma\u00eetris\u00e9es par les enfants et les adolescents avec le soutien de leur famille. Cependant, si les difficult\u00e9s persistent pendant une [&hellip;]<\/p>\n","protected":false},"author":4,"featured_media":0,"parent":8,"menu_order":7,"comment_status":"closed","ping_status":"closed","template":"","meta":{"_acf_changed":false,"footnotes":""},"acf":[],"_links":{"self":[{"href":"https:\/\/praxisbs.ch\/fr\/wp-json\/wp\/v2\/pages\/10"}],"collection":[{"href":"https:\/\/praxisbs.ch\/fr\/wp-json\/wp\/v2\/pages"}],"about":[{"href":"https:\/\/praxisbs.ch\/fr\/wp-json\/wp\/v2\/types\/page"}],"author":[{"embeddable":true,"href":"https:\/\/praxisbs.ch\/fr\/wp-json\/wp\/v2\/users\/4"}],"replies":[{"embeddable":true,"href":"https:\/\/praxisbs.ch\/fr\/wp-json\/wp\/v2\/comments?post=10"}],"version-history":[{"count":9,"href":"https:\/\/praxisbs.ch\/fr\/wp-json\/wp\/v2\/pages\/10\/revisions"}],"predecessor-version":[{"id":497,"href":"https:\/\/praxisbs.ch\/fr\/wp-json\/wp\/v2\/pages\/10\/revisions\/497"}],"up":[{"embeddable":true,"href":"https:\/\/praxisbs.ch\/fr\/wp-json\/wp\/v2\/pages\/8"}],"wp:attachment":[{"href":"https:\/\/praxisbs.ch\/fr\/wp-json\/wp\/v2\/media?parent=10"}],"curies":[{"name":"wp","href":"https:\/\/api.w.org\/{rel}","templated":true}]}}