{"id":9,"date":"2018-04-17T13:03:34","date_gmt":"2018-04-17T11:03:34","guid":{"rendered":"http:\/\/praxisbs.ch\/bbwpcms\/angebote\/erwachsene\/"},"modified":"2018-10-26T18:13:13","modified_gmt":"2018-10-26T16:13:13","slug":"erwachsene","status":"publish","type":"page","link":"https:\/\/praxisbs.ch\/de\/angebote\/erwachsene\/","title":{"rendered":"Erwachsene"},"content":{"rendered":"<p><\/p>\n<p>Psychische Probleme sind weit verbreitet. Sie haben unterschiedliche Ursachen und zeigen sich in verschiedensten Formen. Betroffene reagieren beispielsweise mit Identit\u00e4ts- oder Lebenskrisen, Depressionen, Angst, anderen psychischen Erkrankungen oder gar traumatischen Reaktionen.<\/p>\n<p>Eine Psychotherapie beginnt mit einem Erstgespr\u00e4ch, an das sich eine Abkl\u00e4rungsphase anschliesst. Gemeinsam mit Ihnen legen wir das weitere Vorgehen fest und definieren die Frequenz der Gespr\u00e4che.<\/p>\n<p>Durch die Therapie werden Sie sich besser verstehen lernen. Wir helfen Ihnen, Ihre pers\u00f6nlichen Denk- und Verhaltensmuster zu erkennen und zu ver\u00e4ndern. Zudem unterst\u00fctzen wir Sie in der Bew\u00e4ltigung emotionaler Krisen und Belastungssituationen, sowie im Aufbau eines gesunden Selbstwertes.<\/p>\n<p>Zentrales Element ist dabei die vertrauensvolle therapeutische Beziehung. Durch sie wird es leichter, sich mit leidvollen und schmerzhaften Tatsachen zu konfrontieren. Eine gute therapeutische Beziehung macht Mut, die eigenen F\u00e4higkeiten und Ressourcen zu entwickeln.<\/p>\n<p><\/p>","protected":false},"excerpt":{"rendered":"<p>Psychische Probleme sind weit verbreitet. Sie haben unterschiedliche Ursachen und zeigen sich in verschiedensten Formen. Betroffene reagieren beispielsweise mit Identit\u00e4ts- oder Lebenskrisen, Depressionen, Angst, anderen psychischen Erkrankungen oder gar traumatischen Reaktionen. Eine Psychotherapie beginnt mit einem Erstgespr\u00e4ch, an das sich eine Abkl\u00e4rungsphase anschliesst. Gemeinsam mit Ihnen legen wir das weitere Vorgehen fest und definieren die [&hellip;]<\/p>\n","protected":false},"author":5,"featured_media":0,"parent":8,"menu_order":4,"comment_status":"closed","ping_status":"closed","template":"","meta":{"_acf_changed":false,"footnotes":""},"acf":[],"_links":{"self":[{"href":"https:\/\/praxisbs.ch\/de\/wp-json\/wp\/v2\/pages\/9"}],"collection":[{"href":"https:\/\/praxisbs.ch\/de\/wp-json\/wp\/v2\/pages"}],"about":[{"href":"https:\/\/praxisbs.ch\/de\/wp-json\/wp\/v2\/types\/page"}],"author":[{"embeddable":true,"href":"https:\/\/praxisbs.ch\/de\/wp-json\/wp\/v2\/users\/5"}],"replies":[{"embeddable":true,"href":"https:\/\/praxisbs.ch\/de\/wp-json\/wp\/v2\/comments?post=9"}],"version-history":[{"count":11,"href":"https:\/\/praxisbs.ch\/de\/wp-json\/wp\/v2\/pages\/9\/revisions"}],"predecessor-version":[{"id":446,"href":"https:\/\/praxisbs.ch\/de\/wp-json\/wp\/v2\/pages\/9\/revisions\/446"}],"up":[{"embeddable":true,"href":"https:\/\/praxisbs.ch\/de\/wp-json\/wp\/v2\/pages\/8"}],"wp:attachment":[{"href":"https:\/\/praxisbs.ch\/de\/wp-json\/wp\/v2\/media?parent=9"}],"curies":[{"name":"wp","href":"https:\/\/api.w.org\/{rel}","templated":true}]}}