{"id":322,"date":"2018-05-23T16:26:34","date_gmt":"2018-05-23T14:26:34","guid":{"rendered":"http:\/\/praxisbs.ch\/bbwpcms\/?page_id=322"},"modified":"2018-10-21T14:16:23","modified_gmt":"2018-10-21T12:16:23","slug":"psychosomatik","status":"publish","type":"page","link":"https:\/\/praxisbs.ch\/de\/angebote\/psychosomatik\/","title":{"rendered":"Psychosomatik"},"content":{"rendered":"<p><\/p>\n<p><span lang=\"DE\">Manche k\u00f6rperliche Erkrankungen stellen hohe Anforderungen an die Betroffenen und ihre Angeh\u00f6rigen. Sie m\u00fcssen die Krankheitssymptome sowie m\u00f6gliche Nebenwirkungen und den Stress durch die medizinischen Behandlungen bew\u00e4ltigen. Hinzu kommen oft k\u00f6rperliche Einschr\u00e4nkungen oder die Notwendigkeit einer beruflichen Neuorientierung. Eine Psychotherapie kann angezeigt sein, um einer Depression oder Angstst\u00f6rung entgegenzuwirken und die Lebensqualit\u00e4t zu verbessern.<\/span><\/p>\n<p><span lang=\"DE\">Wir bieten Psychotherapie unter anderem bei Krebserkrankung, Herzinfarkt, Schlaganfall, Multiper Sklerose, Morbus Crohn, Endometriose sowie bei chronischen Schmerzen an. <\/span><\/p>\n<p><\/p>","protected":false},"excerpt":{"rendered":"<p>Manche k\u00f6rperliche Erkrankungen stellen hohe Anforderungen an die Betroffenen und ihre Angeh\u00f6rigen. Sie m\u00fcssen die Krankheitssymptome sowie m\u00f6gliche Nebenwirkungen und den Stress durch die medizinischen Behandlungen bew\u00e4ltigen. Hinzu kommen oft k\u00f6rperliche Einschr\u00e4nkungen oder die Notwendigkeit einer beruflichen Neuorientierung. Eine Psychotherapie kann angezeigt sein, um einer Depression oder Angstst\u00f6rung entgegenzuwirken und die Lebensqualit\u00e4t zu verbessern. Wir [&hellip;]<\/p>\n","protected":false},"author":4,"featured_media":0,"parent":8,"menu_order":9,"comment_status":"closed","ping_status":"closed","template":"","meta":{"_acf_changed":false,"footnotes":""},"acf":[],"_links":{"self":[{"href":"https:\/\/praxisbs.ch\/de\/wp-json\/wp\/v2\/pages\/322"}],"collection":[{"href":"https:\/\/praxisbs.ch\/de\/wp-json\/wp\/v2\/pages"}],"about":[{"href":"https:\/\/praxisbs.ch\/de\/wp-json\/wp\/v2\/types\/page"}],"author":[{"embeddable":true,"href":"https:\/\/praxisbs.ch\/de\/wp-json\/wp\/v2\/users\/4"}],"replies":[{"embeddable":true,"href":"https:\/\/praxisbs.ch\/de\/wp-json\/wp\/v2\/comments?post=322"}],"version-history":[{"count":17,"href":"https:\/\/praxisbs.ch\/de\/wp-json\/wp\/v2\/pages\/322\/revisions"}],"predecessor-version":[{"id":419,"href":"https:\/\/praxisbs.ch\/de\/wp-json\/wp\/v2\/pages\/322\/revisions\/419"}],"up":[{"embeddable":true,"href":"https:\/\/praxisbs.ch\/de\/wp-json\/wp\/v2\/pages\/8"}],"wp:attachment":[{"href":"https:\/\/praxisbs.ch\/de\/wp-json\/wp\/v2\/media?parent=322"}],"curies":[{"name":"wp","href":"https:\/\/api.w.org\/{rel}","templated":true}]}}