{"id":29,"date":"2018-04-17T13:03:34","date_gmt":"2018-04-17T11:03:34","guid":{"rendered":"http:\/\/praxisbs.ch\/bbwpcms\/im-notfall\/"},"modified":"2018-10-21T14:19:40","modified_gmt":"2018-10-21T12:19:40","slug":"im-notfall","status":"publish","type":"page","link":"https:\/\/praxisbs.ch\/de\/im-notfall\/","title":{"rendered":"Im Notfall"},"content":{"rendered":"<p><\/p>\n<p>In psychischen und medizinischen Notlagen k\u00f6nnen Sie sich 24 Stunden pro Tag wenden an:<br \/>\n<a href=\"http:\/\/www.mnzbasel.ch\" target=\"_blank\" rel=\"noopener\">Medizinische Notrufzentrale<\/a><br \/>\n<a class=\"mobile-only\" href=\"tel:+41612611515\">061 261 15 15<\/a><span class=\"desktop-only\">061 261 15 15<\/span><\/p>\n<p>In psychischen Krisensituationen erhalten Sie an folgender Adresse rasch einen Gespr\u00e4chstermin:<br \/>\n<a href=\"http:\/\/www.upkbs.ch\/patienten\/ambulantes-angebot\/erwachsene\/diagnostik-und-krise\/akutambulanz\/Seiten\/default.aspx\" target=\"_blank\" rel=\"noopener\">Akutambulanz<\/a><br \/>\n(Termine nach Vereinbarung oder auch ohne Voranmeldung w\u00e4hrend den \u00d6ffnungszeiten)<br \/>\n<a class=\"mobile-only\" href=\"tel:+41613258181\">061 325 81 81<\/a><span class=\"desktop-only\">061 325 81 81<\/span>\u00a0<\/p>\n<p>In lebensbedrohlichen Situationen rufen Sie immer direkt den Sanit\u00e4tsnotruf und Krankentransport\u00a0unter Telefonnummer\u00a0<a class=\"mobile-only\" href=\"tel:144\"><strong>144<\/strong><\/a><span class=\"desktop-only\"><strong>144<\/strong><\/span>.<\/p>\n<p><\/p>","protected":false},"excerpt":{"rendered":"<p>In psychischen und medizinischen Notlagen k\u00f6nnen Sie sich 24 Stunden pro Tag wenden an: Medizinische Notrufzentrale 061 261 15 15061 261 15 15 In psychischen Krisensituationen erhalten Sie an folgender Adresse rasch einen Gespr\u00e4chstermin: Akutambulanz (Termine nach Vereinbarung oder auch ohne Voranmeldung w\u00e4hrend den \u00d6ffnungszeiten) 061 325 81 81061 325 81 81\u00a0 In lebensbedrohlichen Situationen [&hellip;]<\/p>\n","protected":false},"author":5,"featured_media":0,"parent":0,"menu_order":27,"comment_status":"closed","ping_status":"closed","template":"","meta":{"_acf_changed":false,"footnotes":""},"acf":[],"_links":{"self":[{"href":"https:\/\/praxisbs.ch\/de\/wp-json\/wp\/v2\/pages\/29"}],"collection":[{"href":"https:\/\/praxisbs.ch\/de\/wp-json\/wp\/v2\/pages"}],"about":[{"href":"https:\/\/praxisbs.ch\/de\/wp-json\/wp\/v2\/types\/page"}],"author":[{"embeddable":true,"href":"https:\/\/praxisbs.ch\/de\/wp-json\/wp\/v2\/users\/5"}],"replies":[{"embeddable":true,"href":"https:\/\/praxisbs.ch\/de\/wp-json\/wp\/v2\/comments?post=29"}],"version-history":[{"count":17,"href":"https:\/\/praxisbs.ch\/de\/wp-json\/wp\/v2\/pages\/29\/revisions"}],"predecessor-version":[{"id":361,"href":"https:\/\/praxisbs.ch\/de\/wp-json\/wp\/v2\/pages\/29\/revisions\/361"}],"wp:attachment":[{"href":"https:\/\/praxisbs.ch\/de\/wp-json\/wp\/v2\/media?parent=29"}],"curies":[{"name":"wp","href":"https:\/\/api.w.org\/{rel}","templated":true}]}}