{"id":28,"date":"2018-04-17T13:03:34","date_gmt":"2018-04-17T11:03:34","guid":{"rendered":"http:\/\/praxisbs.ch\/bbwpcms\/kontakt\/"},"modified":"2025-12-05T15:14:52","modified_gmt":"2025-12-05T14:14:52","slug":"kontakt","status":"publish","type":"page","link":"https:\/\/praxisbs.ch\/de\/kontakt\/","title":{"rendered":"Kontakt"},"content":{"rendered":"<p><\/p>\n\n<p>Sie k\u00f6nnen \u00fcber unsere Kontaktdaten direkt an uns gelangen.<\/p>\n<p>lic. phil. Sabine Hefti<br \/>\n<a class=\"mobile-only\" href=\"tel:+41612622350\">061 262 23 50<\/a><span class=\"desktop-only\">061 262 23 50<\/span><br \/>\n<a href=\"javascript:DeCryptX('0s1b0b0i2p3h311i0e1g0t0i3C3s1t0y2e2j1p1m2q1h1j2g310c1i')\">sabine.hefti(a)psychologie.ch<\/a><\/p>\n<p>M. Sc. Brigitte Hochuli<br \/>\n<a class=\"mobile-only\" href=\"tel:+41 61 261 60 66\">061 261 60 66<\/a><span class=\"desktop-only\">061 261 60 66<\/span><br \/>\n<a href=\"javascript:DeCryptX('2d0r1j0g1j3w2v0e311i3r3f0h1v1m2k1A1q0s1z0c3k3r0l1p1h3l0e1\/0c0h')\">brigitte.hochuli(a)psychologie.ch<\/a><\/p>\n<p>Dipl.-Psych. Ariane Kroll<br \/>\n<a class=\"mobile-only\" href=\"tel:+41798311800\">079 831 18 00<\/a><span class=\"desktop-only\">079 831 18 00<\/span><br \/>\n<a href=\"javascript:DeCryptX('2c1s2k1b3q1f200k0r3r2n2n0@2r3v1z0c3k0o3o2q2i0i1f201d3k')\">ariane.kroll(a)psychologie.ch<\/a><\/p>\n<p>M.Sc. Florence Allegro<br \/>\n<a href=\"javascript:DeCryptX('1g3o2q0r0e0n2e2g311b3o0l1f2i2t3r1A2r2u2{2e2j0o2n1p3j0i1f1\/1d0h')\">florence.allegro(a)psychologie.ch<\/a><\/p>\n<p>Dr. phil. Chantal Herren<br \/>\n<a href=\"javascript:DeCryptX('1d0h0a2p2v1b1m312j1f1s1s2g0n1A3s3v1z2e0h3r1m0o3j0i2g201d1i')\">chantal.herren(a)psychologie.ch<\/a><\/p>\n<p>M.Sc. Tobias Knobel<br \/>\n<a href=\"javascript:DeCryptX('3w0o0b1j1b1t200k2p2q2d2g1m3C2r0s0y2e2j3r1m2q2i1j3h312e1i')\">tobias.knobel(a)psychologie.ch<\/a><\/p>\n<p>M.Sc. Natalie Ottiger<br \/>\n<a href=\"javascript:DeCryptX('2p0a3w3d3o1j2g201p1u0t1j2i2g1s0@3s3v1z1d1i3r0l0o0g1j3h0.1d3k')\">natalie.ottiger(a)psychologie.ch<\/a><\/p>\n<p>lic. phil. Selina Schubiger<br \/>\n<a class=\"mobile-only\" href=\"tel:+41795703777\">079 570 37 77<\/a><span class=\"desktop-only\">079 570 37 77<\/span><br \/>\n<a href=\"javascript:DeCryptX('1t3h2n2k3q0a1\/2u1d2j3x2d1j1h3h3u3C2r2u0y2e1i3r0l2q1h1j1f310c2j')\">selina.schubiger(a)psychologie.ch<\/a><\/p>\n\n\n\n\n\n\n<h3>Wo wir sind<\/h3>\n<div class=\"googleMapWrapper\"><div id=\"googleMap\"><iframe src=\"https:\/\/www.google.com\/maps\/embed?pb=!1m18!1m12!1m3!1d6687.631957794176!2d7.588818262286684!3d47.556275771626!2m3!1f0!2f0!3f0!3m2!1i1024!2i768!4f13.1!3m3!1m2!1s0x4791b9b3986352fb%3A0xa32c52a7242179a!2sSt.%20Alban-Vorstadt%207%2C%204052%20Basel!5e0!3m2!1sde!2sch!4v1716381272859!5m2!1sde!2sch\" width=\"600\" height=\"450\" style=\"border:0;\" allowfullscreen=\"\" loading=\"lazy\" referrerpolicy=\"no-referrer-when-downgrade\"><\/iframe><\/div><\/div>\n<h3>Hinweise zum Datenschutz<\/h3>\n<p><strong>1. Personenbezogene Daten\u00a0<\/strong><\/p>\n<p>Diese Website erhebt keinerlei personenbezogene Daten.<\/p>\n<p><strong>2. Cookies und Tracking-Dienste<\/strong><\/p>\n<p>Diese Website verwendet keine Cookies. Ebensowenig steht Google Analytics im Einsatz. Wie bei jeder Verbindung mit einem Webserver protokolliert und speichert hingegen der Server unseres Webhosting-Anbieters Webland AG in M\u00fcnchenstein, Schweiz, bestimmte technische Daten. Zu diesen Daten geh\u00f6ren die IP-Adresse und das Betriebssystem Ihres Ger\u00e4ts, die Zugriffszeit, die Art des Browsers sowie die Browser-Anfrage inklusive der Herkunft der Anfrage (Referrer). Dies ist aus technischen Gr\u00fcnden erforderlich, um Ihnen unsere Website zur Verf\u00fcgung zu stellen. Der Webhosting-Anbieter sch\u00fctzt diese Daten mit technischen und organisatorischen Massnahmen vor unerlaubten Zugriffen und gibt sie nicht an Dritte weiter. Es werden keine personalisierten Daten erfasst und die IP-Adressen werden vor dem Speichern unleserlich gemacht.<\/p>\n<p><strong>3. Social Media<\/strong><\/p>\n<p>Auf dieser Website werden keine Scripts von Social-Media-Anbietern wie Facebook oder Twitter verwendet.<\/p>\n<p><strong>4. Eingebettete Inhalte von anderen Websites<\/strong><\/p>\n<p>Auf dieser Webseite ist eine Karte von Google Maps eingebettet. Eingebettete Inhalte von anderen Websites verhalten sich exakt so, als ob der Besucher die andere Website besucht h\u00e4tte. Diese Websites k\u00f6nnen Daten \u00fcber Sie sammeln, Cookies benutzen, zus\u00e4tzliche Tracking-Dienste von Dritten einbetten und Ihre Interaktion mit diesem eingebetteten Inhalt aufzeichnen, inklusive Ihrer Interaktion mit dem eingebetteten Inhalt.<\/p>\n<p><strong>5. E-Mail<\/strong><\/p>\n<p>Von Ihnen per Mail an uns \u00fcbermittelte Daten, speichern wir ausschliesslich, um Ihre Anfrage zu bearbeiten oder um Ihnen bei Anschlussfragen behilflich zu sein. Ihre Daten geben wir nicht an Dritte weiter. Falls Sie nicht w\u00fcnschen, dass wir Ihre an uns \u00fcbermittelten Daten speichern, lassen Sie uns dies bitte wissen. F\u00fcr eine L\u00f6schung der Daten gen\u00fcgt eine formlose Mitteilung per Mail. Die Rechtm\u00e4ssigkeit der bis zum Widerruf erfolgten Datenverarbeitungsvorg\u00e4nge bleibt vom Widerruf unber\u00fchrt. Zwingende gesetzliche Bestimmungen &#8211; insbesondere Aufbewahrungsfristen &#8211; \u00a0sind vom Widerruf ausgenommen. Bitte beachten Sie: Es kann nicht sichergestellt werden, dass Ihre e-Mails verschl\u00fcsselt \u00fcbermittelt werden. Deshalb sollen bei dieser Art von Kontaktaufnahme keine vertraulichen Daten (medizinische Anliegen etc.) verschickt werden.<\/p>\n<p><strong>6. Verantwortlich im Sinne der Datenschutzgesetze<\/strong><\/p>\n<p>Praxis Haus zum Sausewind<br \/>\nSt. Alban-Vorstadt 7<br \/>\n4052 Basel<\/p>\n\n\n<p><\/p>","protected":false},"excerpt":{"rendered":"<p>Sie k\u00f6nnen \u00fcber unsere Kontaktdaten direkt an uns gelangen. lic. phil. Sabine Hefti 061 262 23 50061 262 23 50 sabine.hefti(a)psychologie.ch M. Sc. Brigitte Hochuli 061 261 60 66061 261 60 66 brigitte.hochuli(a)psychologie.ch Dipl.-Psych. Ariane Kroll 079 831 18 00079 831 18 00 ariane.kroll(a)psychologie.ch M.Sc. Florence Allegro florence.allegro(a)psychologie.ch Dr. phil. Chantal Herren chantal.herren(a)psychologie.ch M.Sc. Tobias [&hellip;]<\/p>\n","protected":false},"author":4,"featured_media":0,"parent":0,"menu_order":26,"comment_status":"closed","ping_status":"closed","template":"","meta":{"_acf_changed":false,"footnotes":""},"acf":[],"_links":{"self":[{"href":"https:\/\/praxisbs.ch\/de\/wp-json\/wp\/v2\/pages\/28"}],"collection":[{"href":"https:\/\/praxisbs.ch\/de\/wp-json\/wp\/v2\/pages"}],"about":[{"href":"https:\/\/praxisbs.ch\/de\/wp-json\/wp\/v2\/types\/page"}],"author":[{"embeddable":true,"href":"https:\/\/praxisbs.ch\/de\/wp-json\/wp\/v2\/users\/4"}],"replies":[{"embeddable":true,"href":"https:\/\/praxisbs.ch\/de\/wp-json\/wp\/v2\/comments?post=28"}],"version-history":[{"count":84,"href":"https:\/\/praxisbs.ch\/de\/wp-json\/wp\/v2\/pages\/28\/revisions"}],"predecessor-version":[{"id":1207,"href":"https:\/\/praxisbs.ch\/de\/wp-json\/wp\/v2\/pages\/28\/revisions\/1207"}],"wp:attachment":[{"href":"https:\/\/praxisbs.ch\/de\/wp-json\/wp\/v2\/media?parent=28"}],"curies":[{"name":"wp","href":"https:\/\/api.w.org\/{rel}","templated":true}]}}