{"id":21,"date":"2018-04-17T13:03:34","date_gmt":"2018-04-17T11:03:34","guid":{"rendered":"http:\/\/praxisbs.ch\/bbwpcms\/team\/lic-phil-sabine-hefti\/"},"modified":"2026-03-02T13:34:38","modified_gmt":"2026-03-02T12:34:38","slug":"lic-phil-sabine-hefti","status":"publish","type":"page","link":"https:\/\/praxisbs.ch\/de\/team\/lic-phil-sabine-hefti\/","title":{"rendered":"lic. phil. Sabine Hefti"},"content":{"rendered":"<p><\/p>\n<h2>Praxisschwerpunkte\u00a0<\/h2>\n<ul>\n<li>Psychotherapie mit Erwachsenen und Jugendlichen<\/li>\n<li>Psychotherapie mit \u00e4lteren Menschen<\/li>\n<li>Check-up f\u00fcr Paare und Paartherapie<\/li>\n<li>Psychotherapie bei k\u00f6rperlichen Krankheiten<\/li>\n<li>Beratung bei Erziehungsfragen<\/li>\n<li>Beratung bei hormonell bedingten Problemen des Verhaltens und Erlebens (PMS\/PMDS , Menopause)<\/li>\n<li>Supervision und Selbsterfahrung f\u00fcr Teilnehmende von psychotherapeutischen Weiterbildungen<\/li>\n<li>Supervision f\u00fcr Fachteams aus verschiedenen beruflichen Kontexten<\/li>\n<li>Coaching<\/li>\n<\/ul>\n<h3>Abrechnungsart<\/h3>\n<ul>\n<li>Zusatzversicherung<\/li>\n<li>Selbstzahlende<\/li>\n<\/ul>\n<h3>Aus- und Weiterbildung\u00a0<\/h3>\n<ul>\n<li>Psychotherapie im Alter, PSP Basel (2020 &#8211; 2021)<\/li>\n<li>Fortbildungen in Paartherapie am psychologischen Institut der Universit\u00e4t Z\u00fcrich<\/li>\n<li>Fortlaufende Weiterbildung am europ\u00e4ischen Institut f\u00fcr Achtsamkeit in Freiburg<\/li>\n<li>Postgradualer Studiengang in Psychotherapie der Universit\u00e4t Basel, Abschluss mit Master of Advanced Studies der Universit\u00e4t Basel (1996 \u2013 2000)\u00a0<\/li>\n<li>Psychologiestudium an der Universit\u00e4t Bern, Lizentiat 1996<\/li>\n<\/ul>\n<h3>Bisherige T\u00e4tigkeit<\/h3>\n<ul>\n<li>2009 &#8211; 2022 Ausbildnerin bei den Postgradualen Studieng\u00e4ngen in Psychotherapie der Universit\u00e4t Basel (PSP)<\/li>\n<li>Seit 2007 Supervisorin und Selbsterfahrungstherapeutin an verschiedenen Weiterbildungsinstituten f\u00fcr Psychotherapie\u00a0<\/li>\n<li>2001 Gr\u00fcndung der Praxis beim Spalentor mit lic. phil. Vreni Richterich, Dr. phil. Lukas Richterich und Dipl.-Psych. Ruth M\u00fcllejans<\/li>\n<li>Gesch\u00e4ftsf\u00fchrung des Postgradualen Studiengangs in Psychotherapie der Universit\u00e4t Basel (2001 \u2013 2002)<\/li>\n<li>Verhaltenstherapie\u2013Ambulanz der UPK Basel (2000 \u2013 2002)<\/li>\n<li>Kantonaler Jugendpsychologischer Dienst des Kantons Aargau (1996 \u2013 2000)<\/li>\n<\/ul>\n<h2>Mitgliedschaften<\/h2>\n<ul>\n<li style=\"font-weight: 400;\">F\u00f6deration der Schweizer Psychologinnen und Psychologen FSP<\/li>\n<li style=\"font-weight: 400;\">Verband der Psychologinnen und Psychologen beider Basel PPB<\/li>\n<\/ul>\n<p><\/p>","protected":false},"excerpt":{"rendered":"<p>Praxisschwerpunkte\u00a0 Psychotherapie mit Erwachsenen und Jugendlichen Psychotherapie mit \u00e4lteren Menschen Check-up f\u00fcr Paare und Paartherapie Psychotherapie bei k\u00f6rperlichen Krankheiten Beratung bei Erziehungsfragen Beratung bei hormonell bedingten Problemen des Verhaltens und Erlebens (PMS\/PMDS , Menopause) Supervision und Selbsterfahrung f\u00fcr Teilnehmende von psychotherapeutischen Weiterbildungen Supervision f\u00fcr Fachteams aus verschiedenen beruflichen Kontexten Coaching Abrechnungsart Zusatzversicherung Selbstzahlende Aus- und [&hellip;]<\/p>\n","protected":false},"author":4,"featured_media":0,"parent":18,"menu_order":15,"comment_status":"closed","ping_status":"closed","template":"","meta":{"_acf_changed":false,"footnotes":""},"acf":[],"_links":{"self":[{"href":"https:\/\/praxisbs.ch\/de\/wp-json\/wp\/v2\/pages\/21"}],"collection":[{"href":"https:\/\/praxisbs.ch\/de\/wp-json\/wp\/v2\/pages"}],"about":[{"href":"https:\/\/praxisbs.ch\/de\/wp-json\/wp\/v2\/types\/page"}],"author":[{"embeddable":true,"href":"https:\/\/praxisbs.ch\/de\/wp-json\/wp\/v2\/users\/4"}],"replies":[{"embeddable":true,"href":"https:\/\/praxisbs.ch\/de\/wp-json\/wp\/v2\/comments?post=21"}],"version-history":[{"count":29,"href":"https:\/\/praxisbs.ch\/de\/wp-json\/wp\/v2\/pages\/21\/revisions"}],"predecessor-version":[{"id":1225,"href":"https:\/\/praxisbs.ch\/de\/wp-json\/wp\/v2\/pages\/21\/revisions\/1225"}],"up":[{"embeddable":true,"href":"https:\/\/praxisbs.ch\/de\/wp-json\/wp\/v2\/pages\/18"}],"wp:attachment":[{"href":"https:\/\/praxisbs.ch\/de\/wp-json\/wp\/v2\/media?parent=21"}],"curies":[{"name":"wp","href":"https:\/\/api.w.org\/{rel}","templated":true}]}}