{"id":16,"date":"2018-04-17T13:03:34","date_gmt":"2018-04-17T11:03:34","guid":{"rendered":"http:\/\/praxisbs.ch\/bbwpcms\/fort-und-weiterbildung\/coaching\/"},"modified":"2018-10-21T14:16:47","modified_gmt":"2018-10-21T12:16:47","slug":"coaching","status":"publish","type":"page","link":"https:\/\/praxisbs.ch\/de\/angebote\/coaching\/","title":{"rendered":"Coaching"},"content":{"rendered":"<p><\/p>\n<p>Berufliche Belastungen, Konflikte am Arbeitsplatz, Stress, \u00dcberforderung oder auch Mehrfach\u00adbelastungen bei der Lebensgestaltung sind h\u00e4ufige Gr\u00fcnde, warum Menschen ein Coaching in Anspruch nehmen. Diese Art Belastungssituationen k\u00f6nnen zu psychischem Leiden und nicht selten auch psychischen St\u00f6rungen von klinischem Ausmass f\u00fchren.<\/p>\n<p>Im Coaching lernen Sie, die aktuellen Problembereiche zu definieren und Ihre pers\u00f6nlichen Kompetenzen und Ressourcen zu erkennen. Wir unterst\u00fctzen Sie in Ihrer beruflichen Entwicklung und helfen Ihnen, Priorit\u00e4ten zu setzen, Entscheidungen zu treffen, L\u00f6sungsm\u00f6glichkeiten sowie Zukunftsperspektiven zu entwickeln oder Konflikte mit Mitarbeitern oder Vorgesetzten zu \u00fcberwinden.<\/p>\n<p>Wir bieten Coaching f\u00fcr F\u00fchrungsverantwortliche, Angestellte und Selbst\u00e4ndige in unterschiedlichen Berufsfeldern sowie f\u00fcr Personen in Ausbildung an. M\u00f6glich ist auch ein Coaching bei Mehrfach\u00adbelastungen im beruflichen und\/oder privaten Bereich.<\/p>\n<p><\/p>","protected":false},"excerpt":{"rendered":"<p>Berufliche Belastungen, Konflikte am Arbeitsplatz, Stress, \u00dcberforderung oder auch Mehrfach\u00adbelastungen bei der Lebensgestaltung sind h\u00e4ufige Gr\u00fcnde, warum Menschen ein Coaching in Anspruch nehmen. Diese Art Belastungssituationen k\u00f6nnen zu psychischem Leiden und nicht selten auch psychischen St\u00f6rungen von klinischem Ausmass f\u00fchren. Im Coaching lernen Sie, die aktuellen Problembereiche zu definieren und Ihre pers\u00f6nlichen Kompetenzen und Ressourcen [&hellip;]<\/p>\n","protected":false},"author":2,"featured_media":0,"parent":8,"menu_order":11,"comment_status":"closed","ping_status":"closed","template":"","meta":{"_acf_changed":false,"footnotes":""},"acf":[],"_links":{"self":[{"href":"https:\/\/praxisbs.ch\/de\/wp-json\/wp\/v2\/pages\/16"}],"collection":[{"href":"https:\/\/praxisbs.ch\/de\/wp-json\/wp\/v2\/pages"}],"about":[{"href":"https:\/\/praxisbs.ch\/de\/wp-json\/wp\/v2\/types\/page"}],"author":[{"embeddable":true,"href":"https:\/\/praxisbs.ch\/de\/wp-json\/wp\/v2\/users\/2"}],"replies":[{"embeddable":true,"href":"https:\/\/praxisbs.ch\/de\/wp-json\/wp\/v2\/comments?post=16"}],"version-history":[{"count":8,"href":"https:\/\/praxisbs.ch\/de\/wp-json\/wp\/v2\/pages\/16\/revisions"}],"predecessor-version":[{"id":284,"href":"https:\/\/praxisbs.ch\/de\/wp-json\/wp\/v2\/pages\/16\/revisions\/284"}],"up":[{"embeddable":true,"href":"https:\/\/praxisbs.ch\/de\/wp-json\/wp\/v2\/pages\/8"}],"wp:attachment":[{"href":"https:\/\/praxisbs.ch\/de\/wp-json\/wp\/v2\/media?parent=16"}],"curies":[{"name":"wp","href":"https:\/\/api.w.org\/{rel}","templated":true}]}}