{"id":15,"date":"2018-04-17T13:03:34","date_gmt":"2018-04-17T11:03:34","guid":{"rendered":"http:\/\/praxisbs.ch\/bbwpcms\/fort-und-weiterbildung\/"},"modified":"2018-10-21T14:16:35","modified_gmt":"2018-10-21T12:16:35","slug":"fort-und-weiterbildung","status":"publish","type":"page","link":"https:\/\/praxisbs.ch\/de\/angebote\/fort-und-weiterbildung\/","title":{"rendered":"Fort- und Weiterbildung"},"content":{"rendered":"<p><\/p>\n<h2>Supervision<\/h2>\n<p>Supervision &#8211; einzeln oder in der Gruppe &#8211; bietet Personen in psychosozialen und medizinischen Berufen sowie angehenden Psychotherapeutinnen und -therapeuten die M\u00f6glichkeit, konkrete Fragen aus dem Arbeitsalltag zu besprechen oder die eigene berufliche Situation zusammen mit einer externen Fachperson kritisch zu reflektieren. Inhalte der Supervision sind die \u00dcberpr\u00fcfung der Methoden\u00adkompetenz, die Beziehungsgestaltung im beruflichen Kontext und der Umgang mit beruflichen Belastungen. Ziele der Supervision sind die Erweiterung eigener Handlungsm\u00f6glichkeiten, die Kl\u00e4rung beruflicher Rollen und die F\u00f6rderung pers\u00f6nlicher Ressourcen. Supervision ist ein wichtiges Element der Qualit\u00e4tssicherung und beugt zudem beruflicher \u00dcberlastung vor.\u00a0<\/p>\n<p>Mehrere Praxismitglieder sind Lehrtherapeutinnen f\u00fcr Selbsterfahrung und Supervision in verschiedenen psychotherapeutischen Weiterbildungsinstituten.<\/p>\n<p>Wir bieten Einzel- und Gruppensupervision zu folgenden Themen an:<\/p>\n<ul>\n<li>Fallsupervision f\u00fcr Einzelpersonen und Fachteams (z.B. Kliniken, Beratungsstellen, Heime, Lehrerkollegien)<\/li>\n<li>Teamsupervision f\u00fcr Teams aus dem psychosozialen Bereich\u00a0<\/li>\n<li>Einzel- und Gruppensupervision f\u00fcr Kandidatinnen und Kandidaten psychotherapeutischer Weiterbildungen<\/li>\n<\/ul>\n<h3>Selbsterfahrung<\/h3>\n<p>Psychotherapeutische Selbsterfahrung hat zum Ziel, die erlernte Psychotherapiemethode nicht nur theoretisch sondern auch in der Rolle des Klienten\/der Klientin zu erlernen. Die angehenden Psychotherapeutinnen und -therapeuten schulen ihre Eigen- und Fremdwahrnehmung und gewinnen konkrete erfahrungsbasierte Erkenntnisse zur psychotherapeutischen Theorie. Sie lernen zudem, ihr eigenes Wertesystem und dessen Einfluss auf das therapeutische Handeln besser zu verstehen. Der Prozess der Selbsterfahrung verl\u00e4uft im Wesentlichen wie eine\u00a0Psycho\u00adtherapie.<\/p>\n<p>Wir bieten sowohl Einzelselbsterfahrung als auch Gruppenselbsterfahrung an. Auf Anfrage f\u00fchren wir themenzentrierte Selbsterfahrungseinheiten durch.<\/p>\n<p><\/p>","protected":false},"excerpt":{"rendered":"<p>Supervision Supervision &#8211; einzeln oder in der Gruppe &#8211; bietet Personen in psychosozialen und medizinischen Berufen sowie angehenden Psychotherapeutinnen und -therapeuten die M\u00f6glichkeit, konkrete Fragen aus dem Arbeitsalltag zu besprechen oder die eigene berufliche Situation zusammen mit einer externen Fachperson kritisch zu reflektieren. Inhalte der Supervision sind die \u00dcberpr\u00fcfung der Methoden\u00adkompetenz, die Beziehungsgestaltung im beruflichen [&hellip;]<\/p>\n","protected":false},"author":5,"featured_media":0,"parent":8,"menu_order":10,"comment_status":"closed","ping_status":"closed","template":"","meta":{"_acf_changed":false,"footnotes":""},"acf":[],"_links":{"self":[{"href":"https:\/\/praxisbs.ch\/de\/wp-json\/wp\/v2\/pages\/15"}],"collection":[{"href":"https:\/\/praxisbs.ch\/de\/wp-json\/wp\/v2\/pages"}],"about":[{"href":"https:\/\/praxisbs.ch\/de\/wp-json\/wp\/v2\/types\/page"}],"author":[{"embeddable":true,"href":"https:\/\/praxisbs.ch\/de\/wp-json\/wp\/v2\/users\/5"}],"replies":[{"embeddable":true,"href":"https:\/\/praxisbs.ch\/de\/wp-json\/wp\/v2\/comments?post=15"}],"version-history":[{"count":18,"href":"https:\/\/praxisbs.ch\/de\/wp-json\/wp\/v2\/pages\/15\/revisions"}],"predecessor-version":[{"id":283,"href":"https:\/\/praxisbs.ch\/de\/wp-json\/wp\/v2\/pages\/15\/revisions\/283"}],"up":[{"embeddable":true,"href":"https:\/\/praxisbs.ch\/de\/wp-json\/wp\/v2\/pages\/8"}],"wp:attachment":[{"href":"https:\/\/praxisbs.ch\/de\/wp-json\/wp\/v2\/media?parent=15"}],"curies":[{"name":"wp","href":"https:\/\/api.w.org\/{rel}","templated":true}]}}