{"id":13,"date":"2018-04-17T13:03:34","date_gmt":"2018-04-17T11:03:34","guid":{"rendered":"http:\/\/praxisbs.ch\/bbwpcms\/angebote\/expats\/"},"modified":"2018-11-15T09:35:18","modified_gmt":"2018-11-15T08:35:18","slug":"expats","status":"publish","type":"page","link":"https:\/\/praxisbs.ch\/de\/angebote\/expats\/","title":{"rendered":"Expats"},"content":{"rendered":"<p><\/p>\n<p>In einem fremden Land zu leben kann aufregend sein, weil man neue Orte, andere Sitten und Br\u00e4uche kennenlernt, eine neue Sprache erlernt und Menschen aus den unterschiedlichsten Kulturen trifft.<\/p>\n<p>Aber das Leben als Expat kann auch Herausforderungen mit sich bringen: Man kann sich einsam f\u00fchlen, frustriert sein, weil die Kommunikation in der fremden Sprache nicht einfach ist oder einen Kulturschock erleben, weil die Werte und Gepflogenheiten ungewohnt sind.<\/p>\n<p>Wir bieten psychologische Beratung, Psychotherapie und Coaching auf Deutsch, Englisch und Franz\u00f6sisch f\u00fcr Kinder, Jugendliche, Eltern, Erwachsene, Paare, Familien und Teams an, die unter \u00c4ngsten, Einsamkeit, Depression oder anderen Dingen leiden, die ein Leben fern der Heimat mit sich bringen kann.<\/p>\n<p><\/p>","protected":false},"excerpt":{"rendered":"<p>In einem fremden Land zu leben kann aufregend sein, weil man neue Orte, andere Sitten und Br\u00e4uche kennenlernt, eine neue Sprache erlernt und Menschen aus den unterschiedlichsten Kulturen trifft. Aber das Leben als Expat kann auch Herausforderungen mit sich bringen: Man kann sich einsam f\u00fchlen, frustriert sein, weil die Kommunikation in der fremden Sprache nicht [&hellip;]<\/p>\n","protected":false},"author":2,"featured_media":0,"parent":8,"menu_order":8,"comment_status":"closed","ping_status":"closed","template":"","meta":{"_acf_changed":false,"footnotes":""},"acf":[],"_links":{"self":[{"href":"https:\/\/praxisbs.ch\/de\/wp-json\/wp\/v2\/pages\/13"}],"collection":[{"href":"https:\/\/praxisbs.ch\/de\/wp-json\/wp\/v2\/pages"}],"about":[{"href":"https:\/\/praxisbs.ch\/de\/wp-json\/wp\/v2\/types\/page"}],"author":[{"embeddable":true,"href":"https:\/\/praxisbs.ch\/de\/wp-json\/wp\/v2\/users\/2"}],"replies":[{"embeddable":true,"href":"https:\/\/praxisbs.ch\/de\/wp-json\/wp\/v2\/comments?post=13"}],"version-history":[{"count":11,"href":"https:\/\/praxisbs.ch\/de\/wp-json\/wp\/v2\/pages\/13\/revisions"}],"predecessor-version":[{"id":498,"href":"https:\/\/praxisbs.ch\/de\/wp-json\/wp\/v2\/pages\/13\/revisions\/498"}],"up":[{"embeddable":true,"href":"https:\/\/praxisbs.ch\/de\/wp-json\/wp\/v2\/pages\/8"}],"wp:attachment":[{"href":"https:\/\/praxisbs.ch\/de\/wp-json\/wp\/v2\/media?parent=13"}],"curies":[{"name":"wp","href":"https:\/\/api.w.org\/{rel}","templated":true}]}}