{"id":1237,"date":"2026-04-30T16:55:33","date_gmt":"2026-04-30T14:55:33","guid":{"rendered":"https:\/\/praxisbs.ch\/?page_id=1237"},"modified":"2026-05-01T11:06:22","modified_gmt":"2026-05-01T09:06:22","slug":"allgemein","status":"publish","type":"page","link":"https:\/\/praxisbs.ch\/de\/angebote\/allgemein\/","title":{"rendered":"Allgemein"},"content":{"rendered":"<p><\/p>\n<p>Wir sind eine Praxisgemeinschaft, die nach verschiedenen therapeutischen Ans\u00e4tzen arbeitet. Unsere Therapeutinnen verf\u00fcgen \u00fcber unterschiedliche Ausbildungen und bringen vielf\u00e4ltige fachliche Hintergr\u00fcnde mit. Diese Vielfalt erm\u00f6glicht es uns, individuell auf die Bed\u00fcrfnisse unserer Klientinnen und Klienten einzugehen.<\/p>\n<p>Wir bilden uns regelm\u00e4ssig in unterschiedlichen Bereichen weiter. So stellen wir sicher, dass unsere Methoden stets auf dem aktuellen Stand sind und wir ein breites Spektrum an therapeutischen M\u00f6glichkeiten anbieten k\u00f6nnen.<\/p>\n<p>Unsere Praxis deckt grunds\u00e4tzlich ein breites Feld an Themen und Anliegen ab. Gleichzeitig verf\u00fcgt jede Therapeutin \u00fcber eigene Spezialisierungen, die auf den jeweiligen Profilen n\u00e4her beschrieben sind.<\/p>\n<p><b>Anmeldung und Ablauf<\/b><b><\/b><\/p>\n<p>F\u00fcr eine Anmeldung nehmen Sie bitte direkt Kontakt mit uns auf. In einem ersten Gespr\u00e4ch kl\u00e4ren wir gemeinsam Ihre Bed\u00fcrfnisse, Anliegen und Ziele. Auf dieser Grundlage entscheiden wir, wie eine Zusammenarbeit aussehen kann.<\/p>\n<p><\/p>","protected":false},"excerpt":{"rendered":"<p>Wir sind eine Praxisgemeinschaft, die nach verschiedenen therapeutischen Ans\u00e4tzen arbeitet. Unsere Therapeutinnen verf\u00fcgen \u00fcber unterschiedliche Ausbildungen und bringen vielf\u00e4ltige fachliche Hintergr\u00fcnde mit. Diese Vielfalt erm\u00f6glicht es uns, individuell auf die Bed\u00fcrfnisse unserer Klientinnen und Klienten einzugehen. Wir bilden uns regelm\u00e4ssig in unterschiedlichen Bereichen weiter. So stellen wir sicher, dass unsere Methoden stets auf dem aktuellen [&hellip;]<\/p>\n","protected":false},"author":14,"featured_media":0,"parent":8,"menu_order":3,"comment_status":"closed","ping_status":"closed","template":"","meta":{"_acf_changed":false,"footnotes":""},"acf":[],"_links":{"self":[{"href":"https:\/\/praxisbs.ch\/de\/wp-json\/wp\/v2\/pages\/1237"}],"collection":[{"href":"https:\/\/praxisbs.ch\/de\/wp-json\/wp\/v2\/pages"}],"about":[{"href":"https:\/\/praxisbs.ch\/de\/wp-json\/wp\/v2\/types\/page"}],"author":[{"embeddable":true,"href":"https:\/\/praxisbs.ch\/de\/wp-json\/wp\/v2\/users\/14"}],"replies":[{"embeddable":true,"href":"https:\/\/praxisbs.ch\/de\/wp-json\/wp\/v2\/comments?post=1237"}],"version-history":[{"count":4,"href":"https:\/\/praxisbs.ch\/de\/wp-json\/wp\/v2\/pages\/1237\/revisions"}],"predecessor-version":[{"id":1241,"href":"https:\/\/praxisbs.ch\/de\/wp-json\/wp\/v2\/pages\/1237\/revisions\/1241"}],"up":[{"embeddable":true,"href":"https:\/\/praxisbs.ch\/de\/wp-json\/wp\/v2\/pages\/8"}],"wp:attachment":[{"href":"https:\/\/praxisbs.ch\/de\/wp-json\/wp\/v2\/media?parent=1237"}],"curies":[{"name":"wp","href":"https:\/\/api.w.org\/{rel}","templated":true}]}}