{"id":12,"date":"2018-04-17T13:03:34","date_gmt":"2018-04-17T11:03:34","guid":{"rendered":"http:\/\/praxisbs.ch\/bbwpcms\/angebote\/paare\/"},"modified":"2018-10-21T14:16:02","modified_gmt":"2018-10-21T12:16:02","slug":"paare","status":"publish","type":"page","link":"https:\/\/praxisbs.ch\/de\/angebote\/paare\/","title":{"rendered":"Paarberatung"},"content":{"rendered":"<p><\/p>\n<h2>Check-up f\u00fcr Paare<\/h2>\n<p>Manche Paare m\u00f6chten im Sinne einer Standortbestimmung eine realistische Sicht auf die Risiken und Chancen ihrer Beziehung zu gewinnen.<\/p>\n<p>Die gemeinsame Beurteilung Ihrer Situation erfolgt in Gespr\u00e4chen und mit Hilfe von diagnostischen Verfahren. Sie erfahren, wo die St\u00e4rken und Schw\u00e4chen Ihrer Beziehung liegen. Je nach Situation erhalten Sie einen Vorschlag f\u00fcr m\u00f6gliche weitere Massnahmen wie zum Beispiel eine Paartherapie.<\/p>\n<h3>Paartherapie<\/h3>\n<p>Eine intime Partnerschaft ist eine wichtige Quelle f\u00fcr Zufriedenheit und emotionale Stabilit\u00e4t. Umgekehrt k\u00f6nnen l\u00e4nger anhaltende Beziehungsprobleme eine ernsthafte Belastung f\u00fcr beide Partner darstellen.<\/p>\n<p>H\u00e4ufige Konflikte, entt\u00e4uschte Erwartungen oder ein Vertrauensbruch sind m\u00f6gliche Gr\u00fcnde, die ein Paar in eine Therapie f\u00fchren. Daneben k\u00f6nnen aber auch Belastungen wie ein unerf\u00fcllter Kinderwunsch oder die psychische oder k\u00f6rperliche Erkrankung eines Partners eine Beratung erforderlich machen.<\/p>\n<p>Zu Beginn einer Paartherapie steht die Problembeschreibung, die Einsch\u00e4tzung der Paarsituation und eine gemeinsame Ziel- und Motivationskl\u00e4rung. Es wird beiden Partnern Raum gegeben, um W\u00fcnsche und Bef\u00fcrchtungen zum Ausdruck zu bringen.<\/p>\n<p>Im weiteren Verlauf erhalten Sie die M\u00f6glichkeit, Probleme auszusprechen, sie zu kl\u00e4ren und L\u00f6sungswege zu entwickeln. Wir unterst\u00fctzen Sie dabei, sich selbst konstruktiv einzubringen und die Sichtweise des Partners besser zu verstehen.<\/p>\n<p><\/p>","protected":false},"excerpt":{"rendered":"<p>Check-up f\u00fcr Paare Manche Paare m\u00f6chten im Sinne einer Standortbestimmung eine realistische Sicht auf die Risiken und Chancen ihrer Beziehung zu gewinnen. Die gemeinsame Beurteilung Ihrer Situation erfolgt in Gespr\u00e4chen und mit Hilfe von diagnostischen Verfahren. Sie erfahren, wo die St\u00e4rken und Schw\u00e4chen Ihrer Beziehung liegen. Je nach Situation erhalten Sie einen Vorschlag f\u00fcr m\u00f6gliche [&hellip;]<\/p>\n","protected":false},"author":5,"featured_media":0,"parent":8,"menu_order":7,"comment_status":"closed","ping_status":"closed","template":"","meta":{"_acf_changed":false,"footnotes":""},"acf":[],"_links":{"self":[{"href":"https:\/\/praxisbs.ch\/de\/wp-json\/wp\/v2\/pages\/12"}],"collection":[{"href":"https:\/\/praxisbs.ch\/de\/wp-json\/wp\/v2\/pages"}],"about":[{"href":"https:\/\/praxisbs.ch\/de\/wp-json\/wp\/v2\/types\/page"}],"author":[{"embeddable":true,"href":"https:\/\/praxisbs.ch\/de\/wp-json\/wp\/v2\/users\/5"}],"replies":[{"embeddable":true,"href":"https:\/\/praxisbs.ch\/de\/wp-json\/wp\/v2\/comments?post=12"}],"version-history":[{"count":9,"href":"https:\/\/praxisbs.ch\/de\/wp-json\/wp\/v2\/pages\/12\/revisions"}],"predecessor-version":[{"id":273,"href":"https:\/\/praxisbs.ch\/de\/wp-json\/wp\/v2\/pages\/12\/revisions\/273"}],"up":[{"embeddable":true,"href":"https:\/\/praxisbs.ch\/de\/wp-json\/wp\/v2\/pages\/8"}],"wp:attachment":[{"href":"https:\/\/praxisbs.ch\/de\/wp-json\/wp\/v2\/media?parent=12"}],"curies":[{"name":"wp","href":"https:\/\/api.w.org\/{rel}","templated":true}]}}