{"id":1061,"date":"2024-06-09T18:48:01","date_gmt":"2024-06-09T16:48:01","guid":{"rendered":"https:\/\/praxisbs.ch\/?page_id=1061"},"modified":"2026-03-02T13:29:22","modified_gmt":"2026-03-02T12:29:22","slug":"m-sc-natalie-ottiger","status":"publish","type":"page","link":"https:\/\/praxisbs.ch\/de\/team\/m-sc-natalie-ottiger\/","title":{"rendered":"M.Sc. Natalie Ottiger"},"content":{"rendered":"<p><\/p>\n<p style=\"font-weight: 400;\"><strong>Praxisschwerpunkte<\/strong><\/p>\n<p style=\"font-weight: 400;\">Diagnostik und Behandlung von psychischen Erkrankungen bei Erwachsenen und jungen Erwachsenen:<\/p>\n<ul>\n<li>Sexuelle Funktionsst\u00f6rungen<\/li>\n<li>St\u00f6rungen der Sexualpr\u00e4ferenz<\/li>\n<li>Verhaltenss\u00fcchte<\/li>\n<li>Depressionen<\/li>\n<li>Kritische Lebensereignisse, Verlust, Trauer<\/li>\n<li>Angst- und Zwangsst\u00f6rungen<\/li>\n<li>Pers\u00f6nlichkeitsst\u00f6rungen<\/li>\n<\/ul>\n<p style=\"font-weight: 400;\">Psychologische Beratung und Begleitung von Erwachsenen und Paaren bei den folgenden Fragestellungen:<\/p>\n<ul>\n<li>Partnerschaftsproblemen, Paartherapie<\/li>\n<li>Kinderwunsch, Schwangerschaft, Geburt und Elternschaft<\/li>\n<\/ul>\n<p><strong>Abrechnungsart<\/strong><\/p>\n<ul>\n<li>Grundversicherung<\/li>\n<li>Selbstzahlende<\/li>\n<\/ul>\n<p style=\"font-weight: 400;\"><strong>Aus- und Weiterbildung<\/strong><\/p>\n<ul>\n<li>Kontinuierliche Fortbildungen im Bereich Psychotherapie<\/li>\n<li>Postgradualer Studiengang in Psychotherapie (PSP) der Universit\u00e4t Basel, Abschluss mit Master of Advanced Studies der Universit\u00e4t Basel (2022)<\/li>\n<li>Fortbildung &#8222;Berliner Dissexualit\u00e4tstherapie&#8220; (im Umfang von 100 Stunden) des Institutes f\u00fcr Sexualwissenschaften und Sexualmedizin der Charit\u00e9 \u2013 Universit\u00e4tsmedizin Berlin<\/li>\n<li>Studium der Psychologie an der Universit\u00e4t Basel und Bern (2013)<\/li>\n<li>Studium der Rechtswissenschaften (lic.iur.) Universit\u00e4t Basel (2009)<\/li>\n<\/ul>\n<p style=\"font-weight: 400;\"><strong>Bisherige T\u00e4tigkeiten<\/strong><\/p>\n<ul>\n<li>Psychotherapeutin bzw. Stv. Leitende Psychologin in der Forensischen Klinik der Universit\u00e4re Psychiatrische Kliniken (UPK), Basel (2014 \u2013 2024)<\/li>\n<li>Fallf\u00fchrende Psychologin im Zentrum f\u00fcr Station\u00e4re Forensische Therapie der Psychiatrischen Universit\u00e4tsklinik Z\u00fcrich (PUK) am Standort Rheinau (2014)<\/li>\n<li>Postgraduierten Psychologin auf dem Aarxhof (2013)<\/li>\n<li>Juristin Soziale Dienste Gemeinde Therwil, prim\u00e4r f\u00fcr die Vormundschaftsbeh\u00f6rde (50% Pensum, 2011 \u2013 2012)<\/li>\n<li>Juristisches Volontariat auf der Jugendanwaltschaft BL (2010)<\/li>\n<\/ul>\n<p style=\"font-weight: 400;\"><strong>Mitgliedschaften<\/strong><\/p>\n<ul>\n<li>F\u00f6deration der Schweizer Psycholog:innen FSP<\/li>\n<li>Verband der Psychologinnen und Psychologen beider Basel PPB<\/li>\n<\/ul>\n<p style=\"font-weight: 400;\">\u00a0<\/p>\n<p><\/p>","protected":false},"excerpt":{"rendered":"<p>Praxisschwerpunkte Diagnostik und Behandlung von psychischen Erkrankungen bei Erwachsenen und jungen Erwachsenen: Sexuelle Funktionsst\u00f6rungen St\u00f6rungen der Sexualpr\u00e4ferenz Verhaltenss\u00fcchte Depressionen Kritische Lebensereignisse, Verlust, Trauer Angst- und Zwangsst\u00f6rungen Pers\u00f6nlichkeitsst\u00f6rungen Psychologische Beratung und Begleitung von Erwachsenen und Paaren bei den folgenden Fragestellungen: Partnerschaftsproblemen, Paartherapie Kinderwunsch, Schwangerschaft, Geburt und Elternschaft Abrechnungsart Grundversicherung Selbstzahlende Aus- und Weiterbildung Kontinuierliche Fortbildungen im [&hellip;]<\/p>\n","protected":false},"author":4,"featured_media":0,"parent":18,"menu_order":21,"comment_status":"closed","ping_status":"closed","template":"","meta":{"_acf_changed":false,"footnotes":""},"acf":[],"_links":{"self":[{"href":"https:\/\/praxisbs.ch\/de\/wp-json\/wp\/v2\/pages\/1061"}],"collection":[{"href":"https:\/\/praxisbs.ch\/de\/wp-json\/wp\/v2\/pages"}],"about":[{"href":"https:\/\/praxisbs.ch\/de\/wp-json\/wp\/v2\/types\/page"}],"author":[{"embeddable":true,"href":"https:\/\/praxisbs.ch\/de\/wp-json\/wp\/v2\/users\/4"}],"replies":[{"embeddable":true,"href":"https:\/\/praxisbs.ch\/de\/wp-json\/wp\/v2\/comments?post=1061"}],"version-history":[{"count":12,"href":"https:\/\/praxisbs.ch\/de\/wp-json\/wp\/v2\/pages\/1061\/revisions"}],"predecessor-version":[{"id":1223,"href":"https:\/\/praxisbs.ch\/de\/wp-json\/wp\/v2\/pages\/1061\/revisions\/1223"}],"up":[{"embeddable":true,"href":"https:\/\/praxisbs.ch\/de\/wp-json\/wp\/v2\/pages\/18"}],"wp:attachment":[{"href":"https:\/\/praxisbs.ch\/de\/wp-json\/wp\/v2\/media?parent=1061"}],"curies":[{"name":"wp","href":"https:\/\/api.w.org\/{rel}","templated":true}]}}