{"id":1046,"date":"2024-06-05T15:35:03","date_gmt":"2024-06-05T13:35:03","guid":{"rendered":"https:\/\/praxisbs.ch\/?page_id=1046"},"modified":"2026-03-02T13:24:57","modified_gmt":"2026-03-02T12:24:57","slug":"dr-phil-chantal-herren","status":"publish","type":"page","link":"https:\/\/praxisbs.ch\/de\/team\/dr-phil-chantal-herren\/","title":{"rendered":"Dr. phil. Chantal Herren"},"content":{"rendered":"<p><\/p>\n<p style=\"font-weight: 400;\"><strong>Praxisschwerpunkte<\/strong><\/p>\n<p>Diagnostik und Behandlung von psychischen Erkrankungen bei Erwachsenen und Jugendlichen:<\/p>\n<ul>\n<li>Depressionen<\/li>\n<li>Angst- und Zwangsst\u00f6rungen<\/li>\n<li>Pers\u00f6nlichkeitsst\u00f6rungen<\/li>\n<li>St\u00f6rungen der Sexualpr\u00e4ferenz<\/li>\n<\/ul>\n<p style=\"font-weight: 400;\">Psychologische Beratung und Begleitung von Erwachsenen bei den folgenden Fragestellungen:<\/p>\n<ul>\n<li>zwischenmenschliche Beziehungen, Partnerschaft<\/li>\n<li>Schwangerschaft, Geburt und Elternschaft<\/li>\n<li>Kl\u00e4rung von Sinnfragen<\/li>\n<\/ul>\n<p>Paartherapie:<\/p>\n<ul>\n<li data-start=\"630\" data-end=\"731\">Erkennen und Verstehen wechselseitiger Trigger-Mechanismen<\/li>\n<li>Erlernen konstruktiver Kommunikations- und Konfliktstrategien<\/li>\n<li data-start=\"630\" data-end=\"731\">F\u00f6rderung von Empathie und Perspektiven\u00fcbernahme<\/li>\n<li data-start=\"630\" data-end=\"731\">Aufbau sicherer Bindungsmuster<\/li>\n<li data-start=\"630\" data-end=\"731\">F\u00f6rderung emotionaler N\u00e4he, Intimit\u00e4t, Sexualit\u00e4t<\/li>\n<li data-start=\"630\" data-end=\"731\">F\u00f6rderung gemeinsamer Ziele und Werte<\/li>\n<\/ul>\n<p>Supervision f\u00fcr Fachpersonen bzw. Fachteams aus verschiedenen beruflichen Kontexten:<\/p>\n<ul>\n<li data-start=\"630\" data-end=\"731\">Praxisreflexion<\/li>\n<li data-start=\"630\" data-end=\"731\">Fallsupervision<\/li>\n<li data-start=\"630\" data-end=\"731\">Teamdynamik<\/li>\n<\/ul>\n<p><strong>Abrechnungsart<\/strong><\/p>\n<ul>\n<li>Grundversicherung<\/li>\n<li>Selbstzahlende<\/li>\n<\/ul>\n<p style=\"font-weight: 400;\"><strong>Aus- und Weiterbildung<\/strong><\/p>\n<ul>\n<li>Fortlaufende Weiterbildung in Paartherapie und Sexualit\u00e4t am Institut f\u00fcr Schematherapie &#8211; Freiburg (IST)<\/li>\n<li>Fortlaufende Weiterbildung in kognitiver Verhaltenstherapie, Akzeptanz- und Commitmenttherapie (ACT), Schematherapie und forensischer Psychotherapie (seit 2006)<\/li>\n<li>Master of Advanced Studies (MAS) mit kognitiv-behavioralem Schwerpunkt der Universit\u00e4t Basel zur Erlangung des Titels \u00abFachpsychologin f\u00fcr Psychotherapie FSP\u00bb (2017)<\/li>\n<li>Doktoratsstudium im Bereich Angstst\u00f6rungen im Kindes- und Jugendalter, Dr. phil., Universit\u00e4t Basel (2012)<\/li>\n<li>Studium der Klinischen Psychologie, M. Sc. Universit\u00e4t Basel (2006)<\/li>\n<\/ul>\n<p style=\"font-weight: 400;\"><strong>\u00a0<\/strong><strong>Bisherige T\u00e4tigkeiten<\/strong><\/p>\n<ul>\n<li>Psychotherapeutin bzw. Stv. leitende Psychologin in der Forensischen Ambulanz (FAM) der Universit\u00e4re Psychiatrische Kliniken (UPK), Basel (2012 \u2013 2024)<\/li>\n<li>Psychologin in der Psychiatrischen Poliklinik (APA-P) der Universit\u00e4ren Psychiatrischen Kliniken (UPK), Basel (2011 \u2013 2012)<\/li>\n<li>Psychotherapeutin in der Verhaltenstherapie-Ambulanz (VTA), Universit\u00e4re Psychiatrische Kliniken (UPK), Basel (2010 \u2013 2012)<\/li>\n<li>Psychotherapeutin bzw. stellvertretende Leitung des Zentrums f\u00fcr Psychotherapie (ZP), Universit\u00e4t Basel (2006 &#8211; 2012)<\/li>\n<li>Assistierende in der Abteilung Klinische Psychologie, Institut f\u00fcr Psychologie, Universit\u00e4t Basel (2006 \u2013 2012)<\/li>\n<\/ul>\n<p style=\"font-weight: 400;\"><strong>\u00a0<\/strong><strong>Mitgliedschaften<\/strong><\/p>\n<ul>\n<li>F\u00f6deration der Schweizer Psycholog:innen (FSP)<\/li>\n<li>Verband der Psychotherapeutinnen und Psychotherapeuten beider Basel (VPB)<\/li>\n<\/ul>\n<p><\/p>","protected":false},"excerpt":{"rendered":"<p>Praxisschwerpunkte Diagnostik und Behandlung von psychischen Erkrankungen bei Erwachsenen und Jugendlichen: Depressionen Angst- und Zwangsst\u00f6rungen Pers\u00f6nlichkeitsst\u00f6rungen St\u00f6rungen der Sexualpr\u00e4ferenz Psychologische Beratung und Begleitung von Erwachsenen bei den folgenden Fragestellungen: zwischenmenschliche Beziehungen, Partnerschaft Schwangerschaft, Geburt und Elternschaft Kl\u00e4rung von Sinnfragen Paartherapie: Erkennen und Verstehen wechselseitiger Trigger-Mechanismen Erlernen konstruktiver Kommunikations- und Konfliktstrategien F\u00f6rderung von Empathie und Perspektiven\u00fcbernahme [&hellip;]<\/p>\n","protected":false},"author":4,"featured_media":0,"parent":18,"menu_order":19,"comment_status":"closed","ping_status":"closed","template":"","meta":{"_acf_changed":false,"footnotes":""},"acf":[],"_links":{"self":[{"href":"https:\/\/praxisbs.ch\/de\/wp-json\/wp\/v2\/pages\/1046"}],"collection":[{"href":"https:\/\/praxisbs.ch\/de\/wp-json\/wp\/v2\/pages"}],"about":[{"href":"https:\/\/praxisbs.ch\/de\/wp-json\/wp\/v2\/types\/page"}],"author":[{"embeddable":true,"href":"https:\/\/praxisbs.ch\/de\/wp-json\/wp\/v2\/users\/4"}],"replies":[{"embeddable":true,"href":"https:\/\/praxisbs.ch\/de\/wp-json\/wp\/v2\/comments?post=1046"}],"version-history":[{"count":16,"href":"https:\/\/praxisbs.ch\/de\/wp-json\/wp\/v2\/pages\/1046\/revisions"}],"predecessor-version":[{"id":1220,"href":"https:\/\/praxisbs.ch\/de\/wp-json\/wp\/v2\/pages\/1046\/revisions\/1220"}],"up":[{"embeddable":true,"href":"https:\/\/praxisbs.ch\/de\/wp-json\/wp\/v2\/pages\/18"}],"wp:attachment":[{"href":"https:\/\/praxisbs.ch\/de\/wp-json\/wp\/v2\/media?parent=1046"}],"curies":[{"name":"wp","href":"https:\/\/api.w.org\/{rel}","templated":true}]}}