{"id":1035,"date":"2024-06-05T15:34:50","date_gmt":"2024-06-05T13:34:50","guid":{"rendered":"https:\/\/praxisbs.ch\/?page_id=1035"},"modified":"2026-03-02T13:35:53","modified_gmt":"2026-03-02T12:35:53","slug":"m-sc-florence-allegro","status":"publish","type":"page","link":"https:\/\/praxisbs.ch\/de\/team\/m-sc-florence-allegro\/","title":{"rendered":"M. Sc. Florence Allegro"},"content":{"rendered":"<p><\/p>\n<p style=\"font-weight: 400;\"><strong>Praxisschwerpunkte<\/strong><\/p>\n<p style=\"font-weight: 400;\"><strong>\u00a0<\/strong>Psychotherapie sowie psychologische Beratung f\u00fcr Erwachsene und junge Erwachsene bei:<\/p>\n<ul>\n<li>Depressiven Erkrankungen<\/li>\n<li>Angsterkrankungen (bspw. soziale \u00c4ngste, Panikattacken, GAS)<\/li>\n<li>Zwangsst\u00f6rungen<\/li>\n<li>Bew\u00e4ltigung schwieriger Lebenssituationen (bspw. Trennung, Entscheidungsschwierigkeiten)<\/li>\n<li>Zwischenmenschliche Schwierigkeiten (bspw. in Partnerschaft, Familie, Einsamkeit)<\/li>\n<li>Probleme am Arbeitsplatz (bspw. wiederkehrende Konflikte, \u00dcberforderung, Perfektionsmus)<\/li>\n<li>Umgang mit Verlusten und Trauer<\/li>\n<li>Selbstwertgef\u00fchl und Selbstvertrauen<\/li>\n<li>Schwierigkeiten im Umgang mit Stress und Prokrastination<\/li>\n<li>Lern- und Pr\u00fcfungsstress<\/li>\n<li>Angeh\u00f6rige (bspw. Schwierigkeiten im Umgang mit k\u00f6rperlichen oder psychischen Erkrankungen einer nahestehenden Person)<\/li>\n<\/ul>\n<p><strong>Abrechnungsart<\/strong><\/p>\n<ul>\n<li>Grundversicherung<\/li>\n<li>Selbstzahlende<\/li>\n<\/ul>\n<p style=\"font-weight: 400;\"><strong>Aus- und Weiterbildung<\/strong><\/p>\n<ul>\n<li>Kontinuierliche Fortbildungen in unterschiedlichen psychotherapeutischen Bereichen (u.a. Schematherapie, Akzeptanz- und Commitment-Therapie, Dialektisch-Behaviorale Therapie)<\/li>\n<li>Master of Advanced Studies (MAS) mit kognitiven-behavioralem Schwerpunkt, PSP Basel (2019 \u2013 2023)<\/li>\n<li>Psychologiestudium an der Universit\u00e4t Basel mit Vertiefungsrichtung klinische Psychologie und Neurowissenschaften, M. Sc. (2013 \u2013 2019)<\/li>\n<\/ul>\n<p style=\"font-weight: 400;\"><strong>Bisherige T\u00e4tigkeiten<\/strong><\/p>\n<ul>\n<li>Seit 01.07.2024 selbstst\u00e4ndige Psychotherapeutin in der Praxis Haus zum Sausewind<\/li>\n<li>Klinik Barmelweid Psychosomatik, station\u00e4r sowie teilstation\u00e4r (2020 \u2013 2023)<\/li>\n<li>Ambulatorium Kinder- und Jugendpsychiatrie, Bruderholz Psychiatrie Baselland (2020)<\/li>\n<li>Psychotherapiestation f\u00fcr weibliche Jugendliche mit schweren Essst\u00f6rungen, Kinder- und Jugendpsychiatrie, Liestal (2019 \u2013 2020)<\/li>\n<\/ul>\n<p style=\"font-weight: 400;\"><strong>Mitgliedschaften<\/strong><\/p>\n<ul>\n<li>F\u00f6deration der Schweizer Psychologinnen und Psychologen FSP<\/li>\n<li>Verband der Psychotherapeutinnen und Psychotherapeuten beider Basel VPB<\/li>\n<\/ul>\n<p><\/p>","protected":false},"excerpt":{"rendered":"<p>Praxisschwerpunkte \u00a0Psychotherapie sowie psychologische Beratung f\u00fcr Erwachsene und junge Erwachsene bei: Depressiven Erkrankungen Angsterkrankungen (bspw. soziale \u00c4ngste, Panikattacken, GAS) Zwangsst\u00f6rungen Bew\u00e4ltigung schwieriger Lebenssituationen (bspw. Trennung, Entscheidungsschwierigkeiten) Zwischenmenschliche Schwierigkeiten (bspw. in Partnerschaft, Familie, Einsamkeit) Probleme am Arbeitsplatz (bspw. wiederkehrende Konflikte, \u00dcberforderung, Perfektionsmus) Umgang mit Verlusten und Trauer Selbstwertgef\u00fchl und Selbstvertrauen Schwierigkeiten im Umgang mit Stress und [&hellip;]<\/p>\n","protected":false},"author":4,"featured_media":0,"parent":18,"menu_order":18,"comment_status":"closed","ping_status":"closed","template":"","meta":{"_acf_changed":false,"footnotes":""},"acf":[],"_links":{"self":[{"href":"https:\/\/praxisbs.ch\/de\/wp-json\/wp\/v2\/pages\/1035"}],"collection":[{"href":"https:\/\/praxisbs.ch\/de\/wp-json\/wp\/v2\/pages"}],"about":[{"href":"https:\/\/praxisbs.ch\/de\/wp-json\/wp\/v2\/types\/page"}],"author":[{"embeddable":true,"href":"https:\/\/praxisbs.ch\/de\/wp-json\/wp\/v2\/users\/4"}],"replies":[{"embeddable":true,"href":"https:\/\/praxisbs.ch\/de\/wp-json\/wp\/v2\/comments?post=1035"}],"version-history":[{"count":11,"href":"https:\/\/praxisbs.ch\/de\/wp-json\/wp\/v2\/pages\/1035\/revisions"}],"predecessor-version":[{"id":1226,"href":"https:\/\/praxisbs.ch\/de\/wp-json\/wp\/v2\/pages\/1035\/revisions\/1226"}],"up":[{"embeddable":true,"href":"https:\/\/praxisbs.ch\/de\/wp-json\/wp\/v2\/pages\/18"}],"wp:attachment":[{"href":"https:\/\/praxisbs.ch\/de\/wp-json\/wp\/v2\/media?parent=1035"}],"curies":[{"name":"wp","href":"https:\/\/api.w.org\/{rel}","templated":true}]}}