{"id":1005,"date":"2024-01-29T18:03:36","date_gmt":"2024-01-29T17:03:36","guid":{"rendered":"https:\/\/praxisbs.ch\/?page_id=1005"},"modified":"2026-03-02T13:30:36","modified_gmt":"2026-03-02T12:30:36","slug":"lic-phil-selina-schubiger","status":"publish","type":"page","link":"https:\/\/praxisbs.ch\/de\/team\/lic-phil-selina-schubiger\/","title":{"rendered":"lic. phil. Selina Schubiger"},"content":{"rendered":"<p><\/p>\n<h2>Praxisschwerpunkte\u00a0<\/h2>\n<ul>\n<li>Psychotherapie mit Erwachsenen, Jugendlichen und Kindern (auch auf Englisch und Franz\u00f6sisch)<\/li>\n<li>Erziehungsberatung<\/li>\n<li>Beratung mit Kindern mit ADHS Verdacht oder Diagnose<\/li>\n<li>Check-up f\u00fcr Paare und Paartherapie<\/li>\n<li>Beratung bei Fragen rund um die Wechseljahre (insbesondere Perimenopause) und PMS\/PMDS<\/li>\n<li>Beratung bei Kinderwunsch, Kindsverlust oder Schwangerschaftsabbruch<\/li>\n<li>Begleitung von Familien in Krisen und schwierigen Lebenssituationen<\/li>\n<li>Beratung von Eltern mit Kindern mit Autismus-Spektrum-St\u00f6rung (ASS)<\/li>\n<li>Begleitung von Kindern mit Autismus-Spektrum-St\u00f6rung (ASS)<\/li>\n<li>Coaching<\/li>\n<\/ul>\n<h3>Abrechnungsart<\/h3>\n<ul>\n<li>Grundversicherung<\/li>\n<li>Selbstzahlende<\/li>\n<\/ul>\n<h2 style=\"font-weight: 400;\">Aus- und Weiterbildung\u00a0<\/h2>\n<ul>\n<li>Fortlaufende Fortbildung in Schematherapie f\u00fcr Kinder und Jugendliche am Institut f\u00fcr Schematherapie K\u00f6ln<\/li>\n<li>Fortlaufende Fortbildungen in Schematherapie f\u00fcr Erwachsene und Paare am Institut f\u00fcr Schematherapie &#8211; Freiburg (IST) und Institut f\u00fcr Schematherapie Ostschweiz (ISTOS)<\/li>\n<li>Fortbildungen in Akzeptanz- und Commitment-Therapie und<\/li>\n<li>Fortbildung Autismus Schweiz mit Tony Attwood<\/li>\n<li>Fortlaufende Weiterbildungen in Dialektisch-Behavioraler Therapie f\u00fcr Borderline Pers\u00f6nlichkeitsst\u00f6rung in der AWP-Freiburg<\/li>\n<li>Postgradualer Studiengang in Psychotherapie der Universit\u00e4t Basel, Abschluss mit Master of Advanced Studies der Universit\u00e4t Basel (2002\u2013 2007)\u00a0<\/li>\n<li>Psychologiestudium an der Universit\u00e4t Basel, Lizentiat 2001<\/li>\n<\/ul>\n<h2 style=\"font-weight: 400;\">Bisherige T\u00e4tigkeit<\/h2>\n<ul>\n<li>Selbstst\u00e4ndige T\u00e4tigkeit in der Praxis Haus zum Sausewind, seit 2024<\/li>\n<li>Familien- und Erziehungsberatungsstelle (2023-2024)<\/li>\n<li>Elternzeit (4 Kinder, 2008-2023)<\/li>\n<li>Verhaltenstherapie\u2013Ambulanz der UPK Basel (2002 \u2013 2006)<\/li>\n<\/ul>\n<h2 style=\"font-weight: 400;\">Mitgliedschaften<\/h2>\n<ul>\n<li>F\u00f6deration der Schweizer Psychologinnen und Psychologen FSP<\/li>\n<li>Verband der Psychologinnen und Psychologen beider Basel PPB<\/li>\n<li>Verband der Psychotherapeutinnen und Psychotherapeuten beider Basel (VPB)<\/li>\n<\/ul>\n<p style=\"font-weight: 400;\">\u00a0<\/p>\n<p><\/p>","protected":false},"excerpt":{"rendered":"<p>Praxisschwerpunkte\u00a0 Psychotherapie mit Erwachsenen, Jugendlichen und Kindern (auch auf Englisch und Franz\u00f6sisch) Erziehungsberatung Beratung mit Kindern mit ADHS Verdacht oder Diagnose Check-up f\u00fcr Paare und Paartherapie Beratung bei Fragen rund um die Wechseljahre (insbesondere Perimenopause) und PMS\/PMDS Beratung bei Kinderwunsch, Kindsverlust oder Schwangerschaftsabbruch Begleitung von Familien in Krisen und schwierigen Lebenssituationen Beratung von Eltern mit [&hellip;]<\/p>\n","protected":false},"author":4,"featured_media":0,"parent":18,"menu_order":23,"comment_status":"closed","ping_status":"closed","template":"","meta":{"_acf_changed":false,"footnotes":""},"acf":[],"_links":{"self":[{"href":"https:\/\/praxisbs.ch\/de\/wp-json\/wp\/v2\/pages\/1005"}],"collection":[{"href":"https:\/\/praxisbs.ch\/de\/wp-json\/wp\/v2\/pages"}],"about":[{"href":"https:\/\/praxisbs.ch\/de\/wp-json\/wp\/v2\/types\/page"}],"author":[{"embeddable":true,"href":"https:\/\/praxisbs.ch\/de\/wp-json\/wp\/v2\/users\/4"}],"replies":[{"embeddable":true,"href":"https:\/\/praxisbs.ch\/de\/wp-json\/wp\/v2\/comments?post=1005"}],"version-history":[{"count":24,"href":"https:\/\/praxisbs.ch\/de\/wp-json\/wp\/v2\/pages\/1005\/revisions"}],"predecessor-version":[{"id":1224,"href":"https:\/\/praxisbs.ch\/de\/wp-json\/wp\/v2\/pages\/1005\/revisions\/1224"}],"up":[{"embeddable":true,"href":"https:\/\/praxisbs.ch\/de\/wp-json\/wp\/v2\/pages\/18"}],"wp:attachment":[{"href":"https:\/\/praxisbs.ch\/de\/wp-json\/wp\/v2\/media?parent=1005"}],"curies":[{"name":"wp","href":"https:\/\/api.w.org\/{rel}","templated":true}]}}